{"id":1767,"date":"2025-08-15T15:32:30","date_gmt":"2025-08-15T13:32:30","guid":{"rendered":"https:\/\/ydalir.fr\/?page_id=1767"},"modified":"2025-08-15T16:26:15","modified_gmt":"2025-08-15T14:26:15","slug":"soins-et-guerison","status":"publish","type":"page","link":"https:\/\/ydalir.fr\/index.php\/soins-et-guerison\/","title":{"rendered":"Soins et gu\u00e9rison"},"content":{"rendered":"\n<p class=\"has-medium-font-size\">Magn\u00e9tisme, soin des maux physiques et psychiques, harmonisation \u00e9nerg\u00e9tique, \u00e9limination des blocages, n\u00e9gativit\u00e9s et autres nuisances, bannissement et exorcisme des entit\u00e9s parasites. Ici vous trouverez de quoi vous soigner et vous r\u00e9\u00e9quilibrer tant physiquement que spirituellement.<\/p>\n\n\n\n<div class=\"wp-block-cover alignwide has-custom-content-position is-position-center-left wp-duotone-000000-00d084-1\" style=\"min-height:159px;aspect-ratio:unset;\"><img data-recalc-dims=\"1\" loading=\"lazy\" decoding=\"async\" width=\"900\" height=\"234\" class=\"wp-block-cover__image-background wp-image-638 size-full\" alt=\"Aurore bor\u00e9ale\" src=\"https:\/\/i0.wp.com\/ydalir.fr\/wp-content\/uploads\/2021\/02\/Aurore_magnetisme-e1627139606937.jpg?resize=900%2C234&#038;ssl=1\" style=\"object-position:48% 37%\" data-object-fit=\"cover\" data-object-position=\"48% 37%\"\/><span aria-hidden=\"true\" class=\"wp-block-cover__background has-black-background-color has-background-dim-0 has-background-dim\"><\/span><div class=\"wp-block-cover__inner-container is-layout-flow wp-block-cover-is-layout-flow\">\n<p class=\"has-white-color has-text-color has-link-color has-large-font-size wp-elements-4832a1da1198ff691472d42926d49785\"><a href=\"https:\/\/ydalir.fr\/index.php\/soins-energetiques\/\">Soins \u00e9nerg\u00e9tiques<\/a><\/p>\n<\/div><\/div>\n\n\n\n<div class=\"wp-block-cover alignwide has-custom-content-position is-position-center-left wp-duotone-000000-cdab4b-2\" style=\"min-height:159px;aspect-ratio:unset;\"><img data-recalc-dims=\"1\" loading=\"lazy\" decoding=\"async\" width=\"900\" height=\"617\" class=\"wp-block-cover__image-background wp-image-1333 size-full\" alt=\"\" src=\"https:\/\/i0.wp.com\/ydalir.fr\/wp-content\/uploads\/2022\/07\/palacio-nacional-de-mafra-gb2ec547d0_1920.jpg?resize=900%2C617&#038;ssl=1\" style=\"object-position:53% 48%\" data-object-fit=\"cover\" data-object-position=\"53% 48%\" srcset=\"https:\/\/i0.wp.com\/ydalir.fr\/wp-content\/uploads\/2022\/07\/palacio-nacional-de-mafra-gb2ec547d0_1920.jpg?w=1920&amp;ssl=1 1920w, https:\/\/i0.wp.com\/ydalir.fr\/wp-content\/uploads\/2022\/07\/palacio-nacional-de-mafra-gb2ec547d0_1920.jpg?resize=300%2C206&amp;ssl=1 300w, https:\/\/i0.wp.com\/ydalir.fr\/wp-content\/uploads\/2022\/07\/palacio-nacional-de-mafra-gb2ec547d0_1920.jpg?resize=1024%2C702&amp;ssl=1 1024w, https:\/\/i0.wp.com\/ydalir.fr\/wp-content\/uploads\/2022\/07\/palacio-nacional-de-mafra-gb2ec547d0_1920.jpg?resize=768%2C526&amp;ssl=1 768w, https:\/\/i0.wp.com\/ydalir.fr\/wp-content\/uploads\/2022\/07\/palacio-nacional-de-mafra-gb2ec547d0_1920.jpg?resize=1536%2C1053&amp;ssl=1 1536w, https:\/\/i0.wp.com\/ydalir.fr\/wp-content\/uploads\/2022\/07\/palacio-nacional-de-mafra-gb2ec547d0_1920.jpg?resize=1800%2C1234&amp;ssl=1 1800w\" sizes=\"auto, (max-width: 900px) 100vw, 900px\" \/><span aria-hidden=\"true\" class=\"wp-block-cover__background has-black-background-color has-background-dim-0 has-background-dim\"><\/span><div class=\"wp-block-cover__inner-container is-layout-flow wp-block-cover-is-layout-flow\">\n<p class=\"has-white-color has-text-color has-link-color has-large-font-size wp-elements-321a9daf2e075f094decba65117dcdb3\"><a href=\"https:\/\/ydalir.fr\/index.php\/liberation-des-memoires-anterieures\/\">Lib\u00e9ration des m\u00e9moires ant\u00e9rieures<\/a><\/p>\n<\/div><\/div>\n\n\n\n<div class=\"wp-block-cover alignwide has-custom-content-position is-position-center-left wp-duotone-000000-ff6900-3\" style=\"min-height:159px;aspect-ratio:unset;\"><img data-recalc-dims=\"1\" loading=\"lazy\" decoding=\"async\" width=\"900\" height=\"563\" class=\"wp-block-cover__image-background wp-image-1280 size-full\" alt=\"Esprit de feu d\u00e9moniaque\" src=\"https:\/\/i0.wp.com\/ydalir.fr\/wp-content\/uploads\/2022\/05\/stockvault-demon-lord172217.jpg?resize=900%2C563&#038;ssl=1\" style=\"object-position:54% 15%\" data-object-fit=\"cover\" data-object-position=\"54% 15%\" srcset=\"https:\/\/i0.wp.com\/ydalir.fr\/wp-content\/uploads\/2022\/05\/stockvault-demon-lord172217.jpg?w=1920&amp;ssl=1 1920w, https:\/\/i0.wp.com\/ydalir.fr\/wp-content\/uploads\/2022\/05\/stockvault-demon-lord172217.jpg?resize=300%2C188&amp;ssl=1 300w, https:\/\/i0.wp.com\/ydalir.fr\/wp-content\/uploads\/2022\/05\/stockvault-demon-lord172217.jpg?resize=1024%2C640&amp;ssl=1 1024w, https:\/\/i0.wp.com\/ydalir.fr\/wp-content\/uploads\/2022\/05\/stockvault-demon-lord172217.jpg?resize=768%2C480&amp;ssl=1 768w, https:\/\/i0.wp.com\/ydalir.fr\/wp-content\/uploads\/2022\/05\/stockvault-demon-lord172217.jpg?resize=1536%2C960&amp;ssl=1 1536w, https:\/\/i0.wp.com\/ydalir.fr\/wp-content\/uploads\/2022\/05\/stockvault-demon-lord172217.jpg?resize=1800%2C1125&amp;ssl=1 1800w\" sizes=\"auto, (max-width: 900px) 100vw, 900px\" \/><span aria-hidden=\"true\" class=\"wp-block-cover__background has-black-background-color has-background-dim-0 has-background-dim\"><\/span><div class=\"wp-block-cover__inner-container is-layout-flow wp-block-cover-is-layout-flow\">\n<p class=\"has-white-color has-text-color has-link-color has-large-font-size wp-elements-9371d3c702bd20cf9f16ac5662b1a1f6\"><a href=\"https:\/\/ydalir.fr\/index.php\/bannissements-entites-et-exorcismes\/\">Bannissement d\u2019entit\u00e9s et exorcisme<\/a><\/p>\n<\/div><\/div>\n\n\n\n<p><\/p>\n","protected":false},"excerpt":{"rendered":"<p>Magn\u00e9tisme, soin des maux physiques et psychiques, harmonisation \u00e9nerg\u00e9tique, \u00e9limination des blocages, n\u00e9gativit\u00e9s et autres nuisances, bannissement et exorcisme des entit\u00e9s parasites. Ici vous trouverez [&#8230;]<\/p>\n","protected":false},"author":1,"featured_media":0,"parent":0,"menu_order":0,"comment_status":"closed","ping_status":"closed","template":"","meta":{"footnotes":""},"class_list":["post-1767","page","type-page","status-publish","hentry"],"yoast_head":"<!-- This site is optimized with the Yoast SEO plugin v26.5 - https:\/\/yoast.com\/wordpress\/plugins\/seo\/ -->\n<title>Soins et gu\u00e9rison - Ydalir<\/title>\n<meta name=\"robots\" content=\"index, follow, max-snippet:-1, max-image-preview:large, max-video-preview:-1\" \/>\n<link rel=\"canonical\" href=\"https:\/\/ydalir.fr\/index.php\/soins-et-guerison\/\" \/>\n<meta property=\"og:locale\" content=\"fr_FR\" \/>\n<meta property=\"og:type\" content=\"article\" \/>\n<meta property=\"og:title\" content=\"Soins et gu\u00e9rison - Ydalir\" \/>\n<meta property=\"og:description\" content=\"Magn\u00e9tisme, soin des maux physiques et psychiques, harmonisation \u00e9nerg\u00e9tique, \u00e9limination des blocages, n\u00e9gativit\u00e9s et autres nuisances, bannissement et exorcisme des entit\u00e9s parasites. Ici vous trouverez [...]\" \/>\n<meta property=\"og:url\" content=\"https:\/\/ydalir.fr\/index.php\/soins-et-guerison\/\" \/>\n<meta property=\"og:site_name\" content=\"Ydalir\" \/>\n<meta property=\"article:modified_time\" content=\"2025-08-15T14:26:15+00:00\" \/>\n<meta property=\"og:image\" content=\"https:\/\/ydalir.fr\/wp-content\/uploads\/2021\/02\/Aurore_magnetisme-e1627139606937.jpg\" \/>\n<meta name=\"twitter:card\" content=\"summary_large_image\" \/>\n<meta name=\"twitter:label1\" content=\"Dur\u00e9e de lecture estim\u00e9e\" \/>\n\t<meta name=\"twitter:data1\" content=\"1 minute\" \/>\n<script type=\"application\/ld+json\" class=\"yoast-schema-graph\">{\"@context\":\"https:\/\/schema.org\",\"@graph\":[{\"@type\":\"WebPage\",\"@id\":\"https:\/\/ydalir.fr\/index.php\/soins-et-guerison\/\",\"url\":\"https:\/\/ydalir.fr\/index.php\/soins-et-guerison\/\",\"name\":\"Soins et gu\u00e9rison - Ydalir\",\"isPartOf\":{\"@id\":\"https:\/\/ydalir.fr\/#website\"},\"primaryImageOfPage\":{\"@id\":\"https:\/\/ydalir.fr\/index.php\/soins-et-guerison\/#primaryimage\"},\"image\":{\"@id\":\"https:\/\/ydalir.fr\/index.php\/soins-et-guerison\/#primaryimage\"},\"thumbnailUrl\":\"https:\/\/ydalir.fr\/wp-content\/uploads\/2021\/02\/Aurore_magnetisme-e1627139606937.jpg\",\"datePublished\":\"2025-08-15T13:32:30+00:00\",\"dateModified\":\"2025-08-15T14:26:15+00:00\",\"breadcrumb\":{\"@id\":\"https:\/\/ydalir.fr\/index.php\/soins-et-guerison\/#breadcrumb\"},\"inLanguage\":\"fr-FR\",\"potentialAction\":[{\"@type\":\"ReadAction\",\"target\":[\"https:\/\/ydalir.fr\/index.php\/soins-et-guerison\/\"]}]},{\"@type\":\"ImageObject\",\"inLanguage\":\"fr-FR\",\"@id\":\"https:\/\/ydalir.fr\/index.php\/soins-et-guerison\/#primaryimage\",\"url\":\"https:\/\/i0.wp.com\/ydalir.fr\/wp-content\/uploads\/2021\/02\/Aurore_magnetisme-e1627139606937.jpg?fit=1920%2C499&ssl=1\",\"contentUrl\":\"https:\/\/i0.wp.com\/ydalir.fr\/wp-content\/uploads\/2021\/02\/Aurore_magnetisme-e1627139606937.jpg?fit=1920%2C499&ssl=1\",\"width\":1920,\"height\":499,\"caption\":\"Aurore bor\u00e9ale\"},{\"@type\":\"BreadcrumbList\",\"@id\":\"https:\/\/ydalir.fr\/index.php\/soins-et-guerison\/#breadcrumb\",\"itemListElement\":[{\"@type\":\"ListItem\",\"position\":1,\"name\":\"Accueil\",\"item\":\"https:\/\/ydalir.fr\/\"},{\"@type\":\"ListItem\",\"position\":2,\"name\":\"Soins et gu\u00e9rison\"}]},{\"@type\":\"WebSite\",\"@id\":\"https:\/\/ydalir.fr\/#website\",\"url\":\"https:\/\/ydalir.fr\/\",\"name\":\"Ydalir\",\"description\":\"Chamane Viking\",\"publisher\":{\"@id\":\"https:\/\/ydalir.fr\/#organization\"},\"potentialAction\":[{\"@type\":\"SearchAction\",\"target\":{\"@type\":\"EntryPoint\",\"urlTemplate\":\"https:\/\/ydalir.fr\/?s={search_term_string}\"},\"query-input\":{\"@type\":\"PropertyValueSpecification\",\"valueRequired\":true,\"valueName\":\"search_term_string\"}}],\"inLanguage\":\"fr-FR\"},{\"@type\":\"Organization\",\"@id\":\"https:\/\/ydalir.fr\/#organization\",\"name\":\"Ydalir\",\"url\":\"https:\/\/ydalir.fr\/\",\"logo\":{\"@type\":\"ImageObject\",\"inLanguage\":\"fr-FR\",\"@id\":\"https:\/\/ydalir.fr\/#\/schema\/logo\/image\/\",\"url\":\"https:\/\/i0.wp.com\/ydalir.fr\/wp-content\/uploads\/2020\/05\/cropped-Vegvisir-HD_site.jpg?fit=120%2C120&ssl=1\",\"contentUrl\":\"https:\/\/i0.wp.com\/ydalir.fr\/wp-content\/uploads\/2020\/05\/cropped-Vegvisir-HD_site.jpg?fit=120%2C120&ssl=1\",\"width\":120,\"height\":120,\"caption\":\"Ydalir\"},\"image\":{\"@id\":\"https:\/\/ydalir.fr\/#\/schema\/logo\/image\/\"}}]}<\/script>\n<!-- \/ Yoast SEO plugin. -->","yoast_head_json":{"title":"Soins et gu\u00e9rison - Ydalir","robots":{"index":"index","follow":"follow","max-snippet":"max-snippet:-1","max-image-preview":"max-image-preview:large","max-video-preview":"max-video-preview:-1"},"canonical":"https:\/\/ydalir.fr\/index.php\/soins-et-guerison\/","og_locale":"fr_FR","og_type":"article","og_title":"Soins et gu\u00e9rison - Ydalir","og_description":"Magn\u00e9tisme, soin des maux physiques et psychiques, harmonisation \u00e9nerg\u00e9tique, \u00e9limination des blocages, n\u00e9gativit\u00e9s et autres nuisances, bannissement et exorcisme des entit\u00e9s parasites. Ici vous trouverez [...]","og_url":"https:\/\/ydalir.fr\/index.php\/soins-et-guerison\/","og_site_name":"Ydalir","article_modified_time":"2025-08-15T14:26:15+00:00","og_image":[{"url":"https:\/\/ydalir.fr\/wp-content\/uploads\/2021\/02\/Aurore_magnetisme-e1627139606937.jpg","type":"","width":"","height":""}],"twitter_card":"summary_large_image","twitter_misc":{"Dur\u00e9e de lecture estim\u00e9e":"1 minute"},"schema":{"@context":"https:\/\/schema.org","@graph":[{"@type":"WebPage","@id":"https:\/\/ydalir.fr\/index.php\/soins-et-guerison\/","url":"https:\/\/ydalir.fr\/index.php\/soins-et-guerison\/","name":"Soins et gu\u00e9rison - Ydalir","isPartOf":{"@id":"https:\/\/ydalir.fr\/#website"},"primaryImageOfPage":{"@id":"https:\/\/ydalir.fr\/index.php\/soins-et-guerison\/#primaryimage"},"image":{"@id":"https:\/\/ydalir.fr\/index.php\/soins-et-guerison\/#primaryimage"},"thumbnailUrl":"https:\/\/ydalir.fr\/wp-content\/uploads\/2021\/02\/Aurore_magnetisme-e1627139606937.jpg","datePublished":"2025-08-15T13:32:30+00:00","dateModified":"2025-08-15T14:26:15+00:00","breadcrumb":{"@id":"https:\/\/ydalir.fr\/index.php\/soins-et-guerison\/#breadcrumb"},"inLanguage":"fr-FR","potentialAction":[{"@type":"ReadAction","target":["https:\/\/ydalir.fr\/index.php\/soins-et-guerison\/"]}]},{"@type":"ImageObject","inLanguage":"fr-FR","@id":"https:\/\/ydalir.fr\/index.php\/soins-et-guerison\/#primaryimage","url":"https:\/\/i0.wp.com\/ydalir.fr\/wp-content\/uploads\/2021\/02\/Aurore_magnetisme-e1627139606937.jpg?fit=1920%2C499&ssl=1","contentUrl":"https:\/\/i0.wp.com\/ydalir.fr\/wp-content\/uploads\/2021\/02\/Aurore_magnetisme-e1627139606937.jpg?fit=1920%2C499&ssl=1","width":1920,"height":499,"caption":"Aurore bor\u00e9ale"},{"@type":"BreadcrumbList","@id":"https:\/\/ydalir.fr\/index.php\/soins-et-guerison\/#breadcrumb","itemListElement":[{"@type":"ListItem","position":1,"name":"Accueil","item":"https:\/\/ydalir.fr\/"},{"@type":"ListItem","position":2,"name":"Soins et gu\u00e9rison"}]},{"@type":"WebSite","@id":"https:\/\/ydalir.fr\/#website","url":"https:\/\/ydalir.fr\/","name":"Ydalir","description":"Chamane Viking","publisher":{"@id":"https:\/\/ydalir.fr\/#organization"},"potentialAction":[{"@type":"SearchAction","target":{"@type":"EntryPoint","urlTemplate":"https:\/\/ydalir.fr\/?s={search_term_string}"},"query-input":{"@type":"PropertyValueSpecification","valueRequired":true,"valueName":"search_term_string"}}],"inLanguage":"fr-FR"},{"@type":"Organization","@id":"https:\/\/ydalir.fr\/#organization","name":"Ydalir","url":"https:\/\/ydalir.fr\/","logo":{"@type":"ImageObject","inLanguage":"fr-FR","@id":"https:\/\/ydalir.fr\/#\/schema\/logo\/image\/","url":"https:\/\/i0.wp.com\/ydalir.fr\/wp-content\/uploads\/2020\/05\/cropped-Vegvisir-HD_site.jpg?fit=120%2C120&ssl=1","contentUrl":"https:\/\/i0.wp.com\/ydalir.fr\/wp-content\/uploads\/2020\/05\/cropped-Vegvisir-HD_site.jpg?fit=120%2C120&ssl=1","width":120,"height":120,"caption":"Ydalir"},"image":{"@id":"https:\/\/ydalir.fr\/#\/schema\/logo\/image\/"}}]}},"jetpack-related-posts":[{"id":741,"url":"https:\/\/ydalir.fr\/index.php\/soins-energetiques\/","url_meta":{"origin":1767,"position":0},"title":"Soins \u00e9nerg\u00e9tiques","author":"Ydalir","date":"2 juillet 2021","format":false,"excerpt":"Les soins \u00e9nerg\u00e9tiques sont des soins effectu\u00e9s \u00e0 l'aide d'un ensemble de techniques ne n\u00e9cessitant aucune manipulation physiques. Elles permettent d'intervenir sur les corps subtils comme sur le physique. Le magn\u00e9tisme fait parti des pratiques les plus courantes et les plus connues en la mati\u00e8re. Des soins \u00e9nerg\u00e9tiques : c'est-\u00e0-dire\u2026","rel":"","context":"Article similaire","block_context":{"text":"Article similaire","link":""},"img":{"alt_text":"Magn\u00e9tisme","src":"https:\/\/i0.wp.com\/ydalir.fr\/wp-content\/uploads\/2020\/08\/Aurore_magnetisme.jpg?resize=350%2C200&ssl=1","width":350,"height":200,"srcset":"https:\/\/i0.wp.com\/ydalir.fr\/wp-content\/uploads\/2020\/08\/Aurore_magnetisme.jpg?resize=350%2C200&ssl=1 1x, https:\/\/i0.wp.com\/ydalir.fr\/wp-content\/uploads\/2020\/08\/Aurore_magnetisme.jpg?resize=525%2C300&ssl=1 1.5x, https:\/\/i0.wp.com\/ydalir.fr\/wp-content\/uploads\/2020\/08\/Aurore_magnetisme.jpg?resize=700%2C400&ssl=1 2x, https:\/\/i0.wp.com\/ydalir.fr\/wp-content\/uploads\/2020\/08\/Aurore_magnetisme.jpg?resize=1050%2C600&ssl=1 3x, https:\/\/i0.wp.com\/ydalir.fr\/wp-content\/uploads\/2020\/08\/Aurore_magnetisme.jpg?resize=1400%2C800&ssl=1 4x"},"classes":[]},{"id":419,"url":"https:\/\/ydalir.fr\/","url_meta":{"origin":1767,"position":1},"title":"Chamane, magn\u00e9tiseur et runiste : soins \u00e9nerg\u00e9tiques, runes, voyance, rituels et magie","author":"Ydalir","date":"17 juillet 2016","format":false,"excerpt":"Chamane et magn\u00e9tiseur, je suis \u00e0 votre service pour vous soulager et vous soutenir sur les flots tumultueux de la vie. Je pratique le soin par magn\u00e9tisme depuis l'\u00e2ge de 17 ans. J'utilise les runes conjointement \u00e0 une pratique instinctive et intuitive. Mon approche est donc guid\u00e9e par une sensibilit\u00e9\u2026","rel":"","context":"Article similaire","block_context":{"text":"Article similaire","link":""},"img":{"alt_text":"Chamane op\u00e9rant un rituel","src":"https:\/\/i0.wp.com\/ydalir.fr\/wp-content\/uploads\/2021\/07\/Chamane-nordique.jpg?resize=350%2C200&ssl=1","width":350,"height":200},"classes":[]},{"id":1324,"url":"https:\/\/ydalir.fr\/index.php\/liberation-des-memoires-anterieures\/","url_meta":{"origin":1767,"position":2},"title":"Lib\u00e9ration des m\u00e9moires ant\u00e9rieures","author":"Ydalir","date":"31 juillet 2022","format":false,"excerpt":"Ce type de s\u00e9ance permet d'explorer vos diff\u00e9rentes m\u00e9moires - de votre g\u00e9n\u00e9alogie \u00e0 vos vies ant\u00e9rieures - pour d\u00e9couvrir l'origine potentielle d'une maladie chronique, un handicap ou une situation persistante ou r\u00e9currente. Que sont les m\u00e9moires ant\u00e9rieures ? Les m\u00e9moires ant\u00e9rieures sont l'ensemble des \u00e9l\u00e9ments pass\u00e9s qui r\u00e9sonnent en\u2026","rel":"","context":"Article similaire","block_context":{"text":"Article similaire","link":""},"img":{"alt_text":"","src":"https:\/\/i0.wp.com\/ydalir.fr\/wp-content\/uploads\/2025\/08\/ancetres-nordiques.jpg?resize=350%2C200&ssl=1","width":350,"height":200,"srcset":"https:\/\/i0.wp.com\/ydalir.fr\/wp-content\/uploads\/2025\/08\/ancetres-nordiques.jpg?resize=350%2C200&ssl=1 1x, https:\/\/i0.wp.com\/ydalir.fr\/wp-content\/uploads\/2025\/08\/ancetres-nordiques.jpg?resize=525%2C300&ssl=1 1.5x"},"classes":[]},{"id":937,"url":"https:\/\/ydalir.fr\/index.php\/fixation-et-possession-le-parasitage-energetique\/","url_meta":{"origin":1767,"position":3},"title":"Fixation et possession : explication du ph\u00e9nom\u00e8ne de parasitage","author":"Ydalir","date":"4 f\u00e9vrier 2022","format":false,"excerpt":"Un probl\u00e8me r\u00e9curent peut \u00eatre d\u00fb \u00e0 la pr\u00e9sence d'une entit\u00e9 parasite dans le corps d'une personne. On dit que cette personne est habit\u00e9e (par une entit\u00e9 autre que sa propre conscience) ou parasit\u00e9e. Le degr\u00e9 de parasitage peut varier allant de la simple \"fixation\" \u00e0 la possession. Cela peut\u2026","rel":"","context":"Article similaire","block_context":{"text":"Article similaire","link":""},"img":{"alt_text":"silhouette of person standing near a doorway with bright light","src":"https:\/\/i0.wp.com\/ydalir.fr\/wp-content\/uploads\/2022\/02\/pexels-photo-8347499.jpeg?resize=350%2C200&ssl=1","width":350,"height":200,"srcset":"https:\/\/i0.wp.com\/ydalir.fr\/wp-content\/uploads\/2022\/02\/pexels-photo-8347499.jpeg?resize=350%2C200&ssl=1 1x, https:\/\/i0.wp.com\/ydalir.fr\/wp-content\/uploads\/2022\/02\/pexels-photo-8347499.jpeg?resize=525%2C300&ssl=1 1.5x, https:\/\/i0.wp.com\/ydalir.fr\/wp-content\/uploads\/2022\/02\/pexels-photo-8347499.jpeg?resize=700%2C400&ssl=1 2x, https:\/\/i0.wp.com\/ydalir.fr\/wp-content\/uploads\/2022\/02\/pexels-photo-8347499.jpeg?resize=1050%2C600&ssl=1 3x, https:\/\/i0.wp.com\/ydalir.fr\/wp-content\/uploads\/2022\/02\/pexels-photo-8347499.jpeg?resize=1400%2C800&ssl=1 4x"},"classes":[]},{"id":1276,"url":"https:\/\/ydalir.fr\/index.php\/bannissements-entites-et-exorcismes\/","url_meta":{"origin":1767,"position":4},"title":"Bannissement d&rsquo;entit\u00e9s et exorcisme","author":"Ydalir","date":"26 mai 2022","format":false,"excerpt":"Les cas de parasitages par des entit\u00e9s de basses fr\u00e9quences sont plus r\u00e9pandues qu'on ne le croit. Notre soci\u00e9t\u00e9 moderne ne prenant plus compte de l'invisible, ils sont souvent interpr\u00e9t\u00e9s comme des sympt\u00f4mes de maladies psychologiques. La plupart des cas sont b\u00e9nins, bien que g\u00eanants. Mais d'autres cas plus graves\u2026","rel":"","context":"Article similaire","block_context":{"text":"Article similaire","link":""},"img":{"alt_text":"Esprit de feu d\u00e9moniaque","src":"https:\/\/i0.wp.com\/ydalir.fr\/wp-content\/uploads\/2022\/05\/stockvault-demon-lord172217.jpg?resize=350%2C200&ssl=1","width":350,"height":200,"srcset":"https:\/\/i0.wp.com\/ydalir.fr\/wp-content\/uploads\/2022\/05\/stockvault-demon-lord172217.jpg?resize=350%2C200&ssl=1 1x, https:\/\/i0.wp.com\/ydalir.fr\/wp-content\/uploads\/2022\/05\/stockvault-demon-lord172217.jpg?resize=525%2C300&ssl=1 1.5x, https:\/\/i0.wp.com\/ydalir.fr\/wp-content\/uploads\/2022\/05\/stockvault-demon-lord172217.jpg?resize=700%2C400&ssl=1 2x, https:\/\/i0.wp.com\/ydalir.fr\/wp-content\/uploads\/2022\/05\/stockvault-demon-lord172217.jpg?resize=1050%2C600&ssl=1 3x, https:\/\/i0.wp.com\/ydalir.fr\/wp-content\/uploads\/2022\/05\/stockvault-demon-lord172217.jpg?resize=1400%2C800&ssl=1 4x"},"classes":[]},{"id":1129,"url":"https:\/\/ydalir.fr\/index.php\/intervention-sur-les-animaux\/","url_meta":{"origin":1767,"position":5},"title":"Intervention sur les animaux","author":"Ydalir","date":"3 mars 2022","format":false,"excerpt":"Avis aux propri\u00e9taires d'animaux domestiques et \u00e9leveurs ! Je prodigue \u00e9galement des soins aux animaux. De la m\u00eame mani\u00e8re que pour les humains, les soins \u00e9nerg\u00e9tiques permettent de lisser les corps \u00e9nerg\u00e9tiques, d\u00e9faire les n\u0153uds et autres blocages \u00e9nerg\u00e9tiques, permettre une meilleure circulation des \u00e9nergies. J'utilise aussi bien le magn\u00e9tisme\u2026","rel":"","context":"Article similaire","block_context":{"text":"Article similaire","link":""},"img":{"alt_text":"brown cow pasturing on pasture in winter","src":"https:\/\/i0.wp.com\/ydalir.fr\/wp-content\/uploads\/2022\/03\/pexels-photo-6152105.jpeg?resize=350%2C200&ssl=1","width":350,"height":200,"srcset":"https:\/\/i0.wp.com\/ydalir.fr\/wp-content\/uploads\/2022\/03\/pexels-photo-6152105.jpeg?resize=350%2C200&ssl=1 1x, https:\/\/i0.wp.com\/ydalir.fr\/wp-content\/uploads\/2022\/03\/pexels-photo-6152105.jpeg?resize=525%2C300&ssl=1 1.5x, https:\/\/i0.wp.com\/ydalir.fr\/wp-content\/uploads\/2022\/03\/pexels-photo-6152105.jpeg?resize=700%2C400&ssl=1 2x"},"classes":[]}],"jetpack_sharing_enabled":true,"jetpack_likes_enabled":true,"_links":{"self":[{"href":"https:\/\/ydalir.fr\/index.php\/wp-json\/wp\/v2\/pages\/1767","targetHints":{"allow":["GET"]}}],"collection":[{"href":"https:\/\/ydalir.fr\/index.php\/wp-json\/wp\/v2\/pages"}],"about":[{"href":"https:\/\/ydalir.fr\/index.php\/wp-json\/wp\/v2\/types\/page"}],"author":[{"embeddable":true,"href":"https:\/\/ydalir.fr\/index.php\/wp-json\/wp\/v2\/users\/1"}],"replies":[{"embeddable":true,"href":"https:\/\/ydalir.fr\/index.php\/wp-json\/wp\/v2\/comments?post=1767"}],"version-history":[{"count":6,"href":"https:\/\/ydalir.fr\/index.php\/wp-json\/wp\/v2\/pages\/1767\/revisions"}],"predecessor-version":[{"id":1788,"href":"https:\/\/ydalir.fr\/index.php\/wp-json\/wp\/v2\/pages\/1767\/revisions\/1788"}],"wp:attachment":[{"href":"https:\/\/ydalir.fr\/index.php\/wp-json\/wp\/v2\/media?parent=1767"}],"curies":[{"name":"wp","href":"https:\/\/api.w.org\/{rel}","templated":true}]}}