{"id":1701,"date":"2025-08-15T15:30:12","date_gmt":"2025-08-15T13:30:12","guid":{"rendered":"https:\/\/ydalir.fr\/?page_id=1701"},"modified":"2025-08-29T17:22:30","modified_gmt":"2025-08-29T15:22:30","slug":"le-voyant-runiste-loracle-par-les-runes","status":"publish","type":"page","link":"https:\/\/ydalir.fr\/index.php\/le-voyant-runiste-loracle-par-les-runes\/","title":{"rendered":"Voyant runiste : l&rsquo;oracle par les runes"},"content":{"rendered":"\n<figure class=\"wp-block-image alignright size-full is-resized is-style-rounded\"><img data-recalc-dims=\"1\" loading=\"lazy\" decoding=\"async\" width=\"900\" height=\"675\" src=\"https:\/\/i0.wp.com\/ydalir.fr\/wp-content\/uploads\/2025\/07\/image-1.png?resize=900%2C675&#038;ssl=1\" alt=\"\" class=\"wp-image-1717\" style=\"width:481px;height:auto\" srcset=\"https:\/\/i0.wp.com\/ydalir.fr\/wp-content\/uploads\/2025\/07\/image-1.png?w=1024&amp;ssl=1 1024w, https:\/\/i0.wp.com\/ydalir.fr\/wp-content\/uploads\/2025\/07\/image-1.png?resize=300%2C225&amp;ssl=1 300w, https:\/\/i0.wp.com\/ydalir.fr\/wp-content\/uploads\/2025\/07\/image-1.png?resize=768%2C576&amp;ssl=1 768w\" sizes=\"auto, (max-width: 900px) 100vw, 900px\" \/><\/figure>\n\n\n\n<p class=\"has-medium-font-size\">L&rsquo;augure, et en particulier le tirage des rune, est un art mill\u00e9naire courant parmi les Germains antiques. Ces peuples, nos anc\u00eatres directs en Europe, disposaient d&rsquo;une tradition magique riche et puissante. M\u00e9lang\u00e9e aux pratiques d&rsquo;Orient et chr\u00e9tiennes, elle est \u00e0 l&rsquo;origine de tout un pan de la magie occidentale m\u00e9di\u00e9vale. Parmi ces peuples germaniques, les Scandinaves excellaient dans le domaine de la voyance et de la divination. Notamment \u00e0 travers leur proph\u00e9tesses appel\u00e9es <em>v\u00f6lva<\/em>. Les runes, outil de base de la magie nordique, s&rsquo;utilisent par le voyant nordique pour appr\u00e9hender l&rsquo;avenir. A l&rsquo;instar du tarot, elles se tirent selon plusieurs m\u00e9thodes pr\u00e9cises, ce qui permet leur interpr\u00e9tation. Initi\u00e9 \u00e0 cet art ancestral, je mets \u00e0 votre disposition cet outil puissant de divination. Celui-ci vous permettra d&rsquo;en savoir plus sur votre avenir et lever le voile sur votre Destin\u00e9e.<\/p>\n\n\n\n<div style=\"height:30px\" aria-hidden=\"true\" class=\"wp-block-spacer\"><\/div>\n\n\n\n<h2 class=\"wp-block-heading\">Que fait un voyant nordique ?<\/h2>\n\n\n\n<p>Comme tout voyant : il appr\u00e9hende l&rsquo;avenir \u00e0 travers le prisme d&rsquo;une question. Le voyant nordique est avant tout un runiste : il utilise donc les runes pour lire la Trame de la Destin\u00e9e. Cela ressemble quelque-peu au tarot, sauf que les r\u00e8gles, les symboles et les traditions de r\u00e9f\u00e9rences sont toutes autres. A l&rsquo;instar du tarot, les runes sont tir\u00e9es selon un sch\u00e9ma pr\u00e9cis puis interpr\u00e9t\u00e9es par le voyant runiste. Ce dernier s&rsquo;appelle <em>vitki<\/em> dans la tradition nordique ou \u00ab\u00a0ma\u00eetre des runes\u00a0\u00bb.<\/p>\n\n\n\n<div style=\"height:30px\" aria-hidden=\"true\" class=\"wp-block-spacer\"><\/div>\n\n\n\n<h2 class=\"wp-block-heading\">Pourquoi faire appel \u00e0 un voyant runiste ?<\/h2>\n\n\n\n<p>Avez vous des interrogations quant \u00e0 une situation qui vous inqui\u00e8te ? Appr\u00e9hendez-vous un \u00e9v\u00e9nement \u00e0 venir ? Souhaitez-vous vous rassurer pour savoir si quelque-chose va bien se passer ? Avez-vous besoin d&rsquo;une guidance ou de conseils quant \u00e0 un choix de vie difficile ou encore besoin d&rsquo;un \u00e9clairage sur une situation d\u00e9licate ? Pour toutes ces questions, et plus encore, les runes peuvent vous r\u00e9pondre. Le \u00ab\u00a0ma\u00eetre des runes\u00a0\u00bb tire pour vous les runes et en interpr\u00e8te le r\u00e9sultat. Cela peut se r\u00e9v\u00e9ler tr\u00e8s utile pour obtenir de bons conseils ou se rassurer et tranquilliser son esprit.<\/p>\n\n\n\n<div style=\"height:30px\" aria-hidden=\"true\" class=\"wp-block-spacer\"><\/div>\n\n\n\n<h2 class=\"wp-block-heading\">Comment sont tir\u00e9es les runes ?<\/h2>\n\n\n\n<figure class=\"wp-block-image alignleft size-large is-resized is-style-rounded\"><img data-recalc-dims=\"1\" loading=\"lazy\" decoding=\"async\" width=\"900\" height=\"599\" src=\"https:\/\/i0.wp.com\/ydalir.fr\/wp-content\/uploads\/2022\/02\/pexels-photo-10110445.jpeg?resize=900%2C599&#038;ssl=1\" alt=\"Les runes du FUTHARK permettent des travaux divinatoires\" class=\"wp-image-1148\" style=\"width:389px;height:auto\" srcset=\"https:\/\/i0.wp.com\/ydalir.fr\/wp-content\/uploads\/2022\/02\/pexels-photo-10110445.jpeg?resize=1024%2C682&amp;ssl=1 1024w, https:\/\/i0.wp.com\/ydalir.fr\/wp-content\/uploads\/2022\/02\/pexels-photo-10110445.jpeg?resize=300%2C200&amp;ssl=1 300w, https:\/\/i0.wp.com\/ydalir.fr\/wp-content\/uploads\/2022\/02\/pexels-photo-10110445.jpeg?resize=768%2C512&amp;ssl=1 768w, https:\/\/i0.wp.com\/ydalir.fr\/wp-content\/uploads\/2022\/02\/pexels-photo-10110445.jpeg?resize=1536%2C1024&amp;ssl=1 1536w, https:\/\/i0.wp.com\/ydalir.fr\/wp-content\/uploads\/2022\/02\/pexels-photo-10110445.jpeg?resize=1800%2C1200&amp;ssl=1 1800w, https:\/\/i0.wp.com\/ydalir.fr\/wp-content\/uploads\/2022\/02\/pexels-photo-10110445.jpeg?w=1880&amp;ssl=1 1880w\" sizes=\"auto, (max-width: 900px) 100vw, 900px\" \/><\/figure>\n\n\n\n<p>Personnellement, j&rsquo;utilise un jeu de runes en bois fabriqu\u00e9 par mes soins. L&rsquo;on pr\u00e9f\u00e8rera un jeu de runes maison plut\u00f4t que du commerce. La connexion avec les runes et le r\u00e9sultat du tirage n&rsquo;en sont que meilleurs.<\/p>\n\n\n\n<p>Le voyant runiste, ou <em>vitki<\/em>, fait appel aux Forces sup\u00e9rieures pour demander leur assistance dans sa t\u00e2che. Cela fait, il va se connecter aux Puissances runiques puis soumettre la question du requ\u00e9rant. Ensuite, il proc\u00e8de au tirage selon l&rsquo;un des multiples sch\u00e9mas de tirage. En fonction de la question pos\u00e9e, de ses pr\u00e9f\u00e9rences et de son ressenti, il choisira celui qui sera le plus adapt\u00e9. Une fois le tirage des runes effectu\u00e9, il va interpr\u00e9ter chaque symbole runique selon sa position et son emplacement.<\/p>\n\n\n\n<div style=\"height:30px\" aria-hidden=\"true\" class=\"wp-block-spacer\"><\/div>\n\n\n\n<h2 class=\"wp-block-heading\">Comment cela peut-il \u00eatre possible ?<\/h2>\n\n\n\n<p>Il faut noter ici que les \u00ab\u00a0Puissances runiques\u00a0\u00bb et \u00ab\u00a0Forces sup\u00e9rieures\u00a0\u00bb \u00e9voqu\u00e9es ne sont pas des produits de superstitions folkloriques. Beaucoup de personnes pensent qu&rsquo;il s&rsquo;agit d&rsquo;un folklore entretenu dans le but de cr\u00e9er une atmosph\u00e8re mystique. Tout cela pour satisfaire le d\u00e9sir d&rsquo;exp\u00e9rience du requ\u00e9rant. Certes, ces \u00e9vocations permettent \u00e0 l&rsquo;esprit humain de se mettre dans un \u00e9tat d&rsquo;esprit particulier et cela est utile pour le <em>vitki<\/em> (ou tout autre voyant). Mais cela serait r\u00e9ducteur de s&rsquo;arr\u00eater \u00e0 cette consid\u00e9ration mat\u00e9rialiste. <\/p>\n\n\n\n<p>En r\u00e9alit\u00e9, il s&rsquo;agit des Principes \u00e0 l&rsquo;origine du Cosmos qui sont sollicit\u00e9s. Ce sont des arch\u00e9types. Ces derniers ont \u00e9t\u00e9 utilis\u00e9s de mani\u00e8re imag\u00e9e par nos anc\u00eatre. Ceci permet l&rsquo;acc\u00e8s \u00e0 notre compr\u00e9hension \u00e0 travers le symbolisme (souvent \u00e0 forme humaine ou animale). Le but g\u00e9n\u00e9ral est de se relier aux dynamiques qui r\u00e9gissent le Cosmos par le biais des \u00e9nergies associ\u00e9es. Les runes sont en r\u00e9alit\u00e9 \u00e0 la fois des portes d&rsquo;entr\u00e9e, des chemins d&rsquo;acc\u00e8s \u00e0 ces forces cosmiques et l&rsquo;origine m\u00eame de la trame universelle. Elles sont le \u00ab\u00a0code source\u00a0\u00bb du Cosmos.<\/p>\n\n\n\n<p>Chaque tradition religieuse et magique dispose de ses propres symboles, divinit\u00e9s et moyens d&rsquo;acc\u00e8s (m\u00e9ditation, transe, etc.). Les forces et puissances impliqu\u00e9es restent en r\u00e9alit\u00e9 les m\u00eames car elles sont universelles. Que ce soient des cartes de tarot, un pendule, un chapelet ou un jeu de runes, tous ne sont que des supports pour aider la psych\u00e9 humaine \u00e0 se connecter aux Puissances du Cosmos. Au final, c&rsquo;est le Divin qui r\u00e9pond et le Destin qui se r\u00e9v\u00e8le.<\/p>\n\n\n\n<div style=\"height:30px\" aria-hidden=\"true\" class=\"wp-block-spacer\"><\/div>\n\n\n\n<p class=\"has-text-align-center has-medium-font-size\">Vous \u00eates int\u00e9ress\u00e9 par ce service et souhaitez en savoir plus sur votre Destin ou vous assurer de prendre la meilleure d\u00e9cision ? Alors n&rsquo;h\u00e9sitez pas :<\/p>\n\n\n\n<div class=\"wp-block-buttons has-custom-font-size has-large-font-size is-content-justification-center is-layout-flex wp-container-core-buttons-is-layout-16018d1d wp-block-buttons-is-layout-flex\" style=\"border-radius:76px\">\n<div class=\"wp-block-button\"><a class=\"wp-block-button__link has-large-font-size has-custom-font-size wp-element-button\" href=\"https:\/\/ydalir.fr\/index.php\/contact-chamane-magnetiseur-en-correze\/\" style=\"border-radius:76px\">Prenez rendez-vous<\/a><\/div>\n<\/div>\n\n\n\n<p class=\"has-text-align-center has-medium-font-size\">Que les Nornes vous guident et vous instruisent !<\/p>\n\n\n\n<figure class=\"wp-block-image aligncenter size-full is-resized is-style-rounded\"><img data-recalc-dims=\"1\" loading=\"lazy\" decoding=\"async\" width=\"900\" height=\"450\" src=\"https:\/\/i0.wp.com\/ydalir.fr\/wp-content\/uploads\/2025\/08\/Les-trois-nornes-de-la-mythologie-nordique.jpg?resize=900%2C450&#038;ssl=1\" alt=\"\" class=\"wp-image-1857\" style=\"width:524px;height:auto\" srcset=\"https:\/\/i0.wp.com\/ydalir.fr\/wp-content\/uploads\/2025\/08\/Les-trois-nornes-de-la-mythologie-nordique.jpg?w=1000&amp;ssl=1 1000w, https:\/\/i0.wp.com\/ydalir.fr\/wp-content\/uploads\/2025\/08\/Les-trois-nornes-de-la-mythologie-nordique.jpg?resize=300%2C150&amp;ssl=1 300w, https:\/\/i0.wp.com\/ydalir.fr\/wp-content\/uploads\/2025\/08\/Les-trois-nornes-de-la-mythologie-nordique.jpg?resize=768%2C384&amp;ssl=1 768w\" sizes=\"auto, (max-width: 900px) 100vw, 900px\" \/><\/figure>\n","protected":false},"excerpt":{"rendered":"<p>L&rsquo;augure, et en particulier le tirage des rune, est un art mill\u00e9naire courant parmi les Germains antiques. Ces peuples, nos anc\u00eatres directs en Europe, disposaient [&#8230;]<\/p>\n","protected":false},"author":1,"featured_media":0,"parent":0,"menu_order":0,"comment_status":"closed","ping_status":"closed","template":"","meta":{"footnotes":""},"class_list":["post-1701","page","type-page","status-publish","hentry"],"yoast_head":"<!-- This site is optimized with the Yoast SEO plugin v26.5 - https:\/\/yoast.com\/wordpress\/plugins\/seo\/ -->\n<title>Voyant runiste : l&#039;oracle par les runes - Ydalir<\/title>\n<meta name=\"description\" content=\"Un chamane est aussi un voyant dans les soci\u00e9t\u00e9s traditionnelles. Ydalir vous propose ses tirages runiques pour \u00e9clairer votre Destin\u00e9e.\" \/>\n<meta name=\"robots\" content=\"index, follow, max-snippet:-1, max-image-preview:large, max-video-preview:-1\" \/>\n<link rel=\"canonical\" href=\"https:\/\/ydalir.fr\/index.php\/le-voyant-runiste-loracle-par-les-runes\/\" \/>\n<meta property=\"og:locale\" content=\"fr_FR\" \/>\n<meta property=\"og:type\" content=\"article\" \/>\n<meta property=\"og:title\" content=\"Voyant runiste : l&#039;oracle par les runes - Ydalir\" \/>\n<meta property=\"og:description\" content=\"Un chamane est aussi un voyant dans les soci\u00e9t\u00e9s traditionnelles. Ydalir vous propose ses tirages runiques pour \u00e9clairer votre Destin\u00e9e.\" \/>\n<meta property=\"og:url\" content=\"https:\/\/ydalir.fr\/index.php\/le-voyant-runiste-loracle-par-les-runes\/\" \/>\n<meta property=\"og:site_name\" content=\"Ydalir\" \/>\n<meta property=\"article:modified_time\" content=\"2025-08-29T15:22:30+00:00\" \/>\n<meta property=\"og:image\" content=\"https:\/\/ydalir.fr\/wp-content\/uploads\/2025\/07\/image-1.png\" \/>\n<meta name=\"twitter:card\" content=\"summary_large_image\" \/>\n<meta name=\"twitter:label1\" content=\"Dur\u00e9e de lecture estim\u00e9e\" \/>\n\t<meta name=\"twitter:data1\" content=\"5 minutes\" \/>\n<script type=\"application\/ld+json\" class=\"yoast-schema-graph\">{\"@context\":\"https:\/\/schema.org\",\"@graph\":[{\"@type\":\"WebPage\",\"@id\":\"https:\/\/ydalir.fr\/index.php\/le-voyant-runiste-loracle-par-les-runes\/\",\"url\":\"https:\/\/ydalir.fr\/index.php\/le-voyant-runiste-loracle-par-les-runes\/\",\"name\":\"Voyant runiste : l'oracle par les runes - Ydalir\",\"isPartOf\":{\"@id\":\"https:\/\/ydalir.fr\/#website\"},\"primaryImageOfPage\":{\"@id\":\"https:\/\/ydalir.fr\/index.php\/le-voyant-runiste-loracle-par-les-runes\/#primaryimage\"},\"image\":{\"@id\":\"https:\/\/ydalir.fr\/index.php\/le-voyant-runiste-loracle-par-les-runes\/#primaryimage\"},\"thumbnailUrl\":\"https:\/\/ydalir.fr\/wp-content\/uploads\/2025\/07\/image-1.png\",\"datePublished\":\"2025-08-15T13:30:12+00:00\",\"dateModified\":\"2025-08-29T15:22:30+00:00\",\"description\":\"Un chamane est aussi un voyant dans les soci\u00e9t\u00e9s traditionnelles. Ydalir vous propose ses tirages runiques pour \u00e9clairer votre Destin\u00e9e.\",\"breadcrumb\":{\"@id\":\"https:\/\/ydalir.fr\/index.php\/le-voyant-runiste-loracle-par-les-runes\/#breadcrumb\"},\"inLanguage\":\"fr-FR\",\"potentialAction\":[{\"@type\":\"ReadAction\",\"target\":[\"https:\/\/ydalir.fr\/index.php\/le-voyant-runiste-loracle-par-les-runes\/\"]}]},{\"@type\":\"ImageObject\",\"inLanguage\":\"fr-FR\",\"@id\":\"https:\/\/ydalir.fr\/index.php\/le-voyant-runiste-loracle-par-les-runes\/#primaryimage\",\"url\":\"https:\/\/i0.wp.com\/ydalir.fr\/wp-content\/uploads\/2025\/07\/image-1.png?fit=1024%2C768&ssl=1\",\"contentUrl\":\"https:\/\/i0.wp.com\/ydalir.fr\/wp-content\/uploads\/2025\/07\/image-1.png?fit=1024%2C768&ssl=1\",\"width\":1024,\"height\":768},{\"@type\":\"BreadcrumbList\",\"@id\":\"https:\/\/ydalir.fr\/index.php\/le-voyant-runiste-loracle-par-les-runes\/#breadcrumb\",\"itemListElement\":[{\"@type\":\"ListItem\",\"position\":1,\"name\":\"Accueil\",\"item\":\"https:\/\/ydalir.fr\/\"},{\"@type\":\"ListItem\",\"position\":2,\"name\":\"Voyant runiste : l&rsquo;oracle par les runes\"}]},{\"@type\":\"WebSite\",\"@id\":\"https:\/\/ydalir.fr\/#website\",\"url\":\"https:\/\/ydalir.fr\/\",\"name\":\"Ydalir\",\"description\":\"Chamane Viking\",\"publisher\":{\"@id\":\"https:\/\/ydalir.fr\/#organization\"},\"potentialAction\":[{\"@type\":\"SearchAction\",\"target\":{\"@type\":\"EntryPoint\",\"urlTemplate\":\"https:\/\/ydalir.fr\/?s={search_term_string}\"},\"query-input\":{\"@type\":\"PropertyValueSpecification\",\"valueRequired\":true,\"valueName\":\"search_term_string\"}}],\"inLanguage\":\"fr-FR\"},{\"@type\":\"Organization\",\"@id\":\"https:\/\/ydalir.fr\/#organization\",\"name\":\"Ydalir\",\"url\":\"https:\/\/ydalir.fr\/\",\"logo\":{\"@type\":\"ImageObject\",\"inLanguage\":\"fr-FR\",\"@id\":\"https:\/\/ydalir.fr\/#\/schema\/logo\/image\/\",\"url\":\"https:\/\/i0.wp.com\/ydalir.fr\/wp-content\/uploads\/2020\/05\/cropped-Vegvisir-HD_site.jpg?fit=120%2C120&ssl=1\",\"contentUrl\":\"https:\/\/i0.wp.com\/ydalir.fr\/wp-content\/uploads\/2020\/05\/cropped-Vegvisir-HD_site.jpg?fit=120%2C120&ssl=1\",\"width\":120,\"height\":120,\"caption\":\"Ydalir\"},\"image\":{\"@id\":\"https:\/\/ydalir.fr\/#\/schema\/logo\/image\/\"}}]}<\/script>\n<!-- \/ Yoast SEO plugin. -->","yoast_head_json":{"title":"Voyant runiste : l'oracle par les runes - Ydalir","description":"Un chamane est aussi un voyant dans les soci\u00e9t\u00e9s traditionnelles. Ydalir vous propose ses tirages runiques pour \u00e9clairer votre Destin\u00e9e.","robots":{"index":"index","follow":"follow","max-snippet":"max-snippet:-1","max-image-preview":"max-image-preview:large","max-video-preview":"max-video-preview:-1"},"canonical":"https:\/\/ydalir.fr\/index.php\/le-voyant-runiste-loracle-par-les-runes\/","og_locale":"fr_FR","og_type":"article","og_title":"Voyant runiste : l'oracle par les runes - Ydalir","og_description":"Un chamane est aussi un voyant dans les soci\u00e9t\u00e9s traditionnelles. Ydalir vous propose ses tirages runiques pour \u00e9clairer votre Destin\u00e9e.","og_url":"https:\/\/ydalir.fr\/index.php\/le-voyant-runiste-loracle-par-les-runes\/","og_site_name":"Ydalir","article_modified_time":"2025-08-29T15:22:30+00:00","og_image":[{"url":"https:\/\/ydalir.fr\/wp-content\/uploads\/2025\/07\/image-1.png","type":"","width":"","height":""}],"twitter_card":"summary_large_image","twitter_misc":{"Dur\u00e9e de lecture estim\u00e9e":"5 minutes"},"schema":{"@context":"https:\/\/schema.org","@graph":[{"@type":"WebPage","@id":"https:\/\/ydalir.fr\/index.php\/le-voyant-runiste-loracle-par-les-runes\/","url":"https:\/\/ydalir.fr\/index.php\/le-voyant-runiste-loracle-par-les-runes\/","name":"Voyant runiste : l'oracle par les runes - Ydalir","isPartOf":{"@id":"https:\/\/ydalir.fr\/#website"},"primaryImageOfPage":{"@id":"https:\/\/ydalir.fr\/index.php\/le-voyant-runiste-loracle-par-les-runes\/#primaryimage"},"image":{"@id":"https:\/\/ydalir.fr\/index.php\/le-voyant-runiste-loracle-par-les-runes\/#primaryimage"},"thumbnailUrl":"https:\/\/ydalir.fr\/wp-content\/uploads\/2025\/07\/image-1.png","datePublished":"2025-08-15T13:30:12+00:00","dateModified":"2025-08-29T15:22:30+00:00","description":"Un chamane est aussi un voyant dans les soci\u00e9t\u00e9s traditionnelles. Ydalir vous propose ses tirages runiques pour \u00e9clairer votre Destin\u00e9e.","breadcrumb":{"@id":"https:\/\/ydalir.fr\/index.php\/le-voyant-runiste-loracle-par-les-runes\/#breadcrumb"},"inLanguage":"fr-FR","potentialAction":[{"@type":"ReadAction","target":["https:\/\/ydalir.fr\/index.php\/le-voyant-runiste-loracle-par-les-runes\/"]}]},{"@type":"ImageObject","inLanguage":"fr-FR","@id":"https:\/\/ydalir.fr\/index.php\/le-voyant-runiste-loracle-par-les-runes\/#primaryimage","url":"https:\/\/i0.wp.com\/ydalir.fr\/wp-content\/uploads\/2025\/07\/image-1.png?fit=1024%2C768&ssl=1","contentUrl":"https:\/\/i0.wp.com\/ydalir.fr\/wp-content\/uploads\/2025\/07\/image-1.png?fit=1024%2C768&ssl=1","width":1024,"height":768},{"@type":"BreadcrumbList","@id":"https:\/\/ydalir.fr\/index.php\/le-voyant-runiste-loracle-par-les-runes\/#breadcrumb","itemListElement":[{"@type":"ListItem","position":1,"name":"Accueil","item":"https:\/\/ydalir.fr\/"},{"@type":"ListItem","position":2,"name":"Voyant runiste : l&rsquo;oracle par les runes"}]},{"@type":"WebSite","@id":"https:\/\/ydalir.fr\/#website","url":"https:\/\/ydalir.fr\/","name":"Ydalir","description":"Chamane Viking","publisher":{"@id":"https:\/\/ydalir.fr\/#organization"},"potentialAction":[{"@type":"SearchAction","target":{"@type":"EntryPoint","urlTemplate":"https:\/\/ydalir.fr\/?s={search_term_string}"},"query-input":{"@type":"PropertyValueSpecification","valueRequired":true,"valueName":"search_term_string"}}],"inLanguage":"fr-FR"},{"@type":"Organization","@id":"https:\/\/ydalir.fr\/#organization","name":"Ydalir","url":"https:\/\/ydalir.fr\/","logo":{"@type":"ImageObject","inLanguage":"fr-FR","@id":"https:\/\/ydalir.fr\/#\/schema\/logo\/image\/","url":"https:\/\/i0.wp.com\/ydalir.fr\/wp-content\/uploads\/2020\/05\/cropped-Vegvisir-HD_site.jpg?fit=120%2C120&ssl=1","contentUrl":"https:\/\/i0.wp.com\/ydalir.fr\/wp-content\/uploads\/2020\/05\/cropped-Vegvisir-HD_site.jpg?fit=120%2C120&ssl=1","width":120,"height":120,"caption":"Ydalir"},"image":{"@id":"https:\/\/ydalir.fr\/#\/schema\/logo\/image\/"}}]}},"jetpack-related-posts":[{"id":1091,"url":"https:\/\/ydalir.fr\/index.php\/les-runes\/","url_meta":{"origin":1701,"position":0},"title":"Les runes","author":"Ydalir","date":"10 f\u00e9vrier 2022","format":false,"excerpt":"Les runes sont des symboles tr\u00e8s puissants, qu'il convient de ne pas invoquer \u00e0 la l\u00e9g\u00e8re. Elles sont des arch\u00e9types de forces primaires agissantes et conscientes. Connues \u00e0 travers la culture nordique, elles auraient \u00e9t\u00e9 d\u00e9couvertes, forg\u00e9es puis transmises depuis des mill\u00e9naires par les chamanes dans la culture proto-germanique puis\u2026","rel":"","context":"Article similaire","block_context":{"text":"Article similaire","link":""},"img":{"alt_text":"Les runes du FUTHARK permettent des travaux divinatoires","src":"https:\/\/i0.wp.com\/ydalir.fr\/wp-content\/uploads\/2022\/02\/pexels-photo-10110445.jpeg?resize=350%2C200&ssl=1","width":350,"height":200,"srcset":"https:\/\/i0.wp.com\/ydalir.fr\/wp-content\/uploads\/2022\/02\/pexels-photo-10110445.jpeg?resize=350%2C200&ssl=1 1x, https:\/\/i0.wp.com\/ydalir.fr\/wp-content\/uploads\/2022\/02\/pexels-photo-10110445.jpeg?resize=525%2C300&ssl=1 1.5x, https:\/\/i0.wp.com\/ydalir.fr\/wp-content\/uploads\/2022\/02\/pexels-photo-10110445.jpeg?resize=700%2C400&ssl=1 2x, https:\/\/i0.wp.com\/ydalir.fr\/wp-content\/uploads\/2022\/02\/pexels-photo-10110445.jpeg?resize=1050%2C600&ssl=1 3x, https:\/\/i0.wp.com\/ydalir.fr\/wp-content\/uploads\/2022\/02\/pexels-photo-10110445.jpeg?resize=1400%2C800&ssl=1 4x"},"classes":[]},{"id":6,"url":"https:\/\/ydalir.fr\/index.php\/qui-suis-je\/","url_meta":{"origin":1701,"position":1},"title":"Qui suis-je ?","author":"Ydalir","date":"8 juillet 2016","format":false,"excerpt":"Qui est l'homme derri\u00e8re le clavier ? Je suis un homme dans la trentaine, menant une vie banale. Je ne suis donc ni sp\u00e9cial ni extraordinaire. Je ne suis pas un ma\u00eetre, ni un gourou. Juste quelqu'un de bienveillant envers son prochain qui essaye d'am\u00e9liorer, comme il le peut, le\u2026","rel":"","context":"Article similaire","block_context":{"text":"Article similaire","link":""},"img":{"alt_text":"Corbeaux","src":"https:\/\/i0.wp.com\/ydalir.fr\/wp-content\/uploads\/2021\/07\/Corbeaux.jpg?resize=350%2C200&ssl=1","width":350,"height":200,"srcset":"https:\/\/i0.wp.com\/ydalir.fr\/wp-content\/uploads\/2021\/07\/Corbeaux.jpg?resize=350%2C200&ssl=1 1x, https:\/\/i0.wp.com\/ydalir.fr\/wp-content\/uploads\/2021\/07\/Corbeaux.jpg?resize=525%2C300&ssl=1 1.5x, https:\/\/i0.wp.com\/ydalir.fr\/wp-content\/uploads\/2021\/07\/Corbeaux.jpg?resize=700%2C400&ssl=1 2x"},"classes":[]},{"id":419,"url":"https:\/\/ydalir.fr\/","url_meta":{"origin":1701,"position":2},"title":"Chamane, magn\u00e9tiseur et runiste : soins \u00e9nerg\u00e9tiques, runes, voyance, rituels et magie","author":"Ydalir","date":"17 juillet 2016","format":false,"excerpt":"Chamane et magn\u00e9tiseur, je suis \u00e0 votre service pour vous soulager et vous soutenir sur les flots tumultueux de la vie. Je pratique le soin par magn\u00e9tisme depuis l'\u00e2ge de 17 ans. J'utilise les runes conjointement \u00e0 une pratique instinctive et intuitive. Mon approche est donc guid\u00e9e par une sensibilit\u00e9\u2026","rel":"","context":"Article similaire","block_context":{"text":"Article similaire","link":""},"img":{"alt_text":"Chamane op\u00e9rant un rituel","src":"https:\/\/i0.wp.com\/ydalir.fr\/wp-content\/uploads\/2021\/07\/Chamane-nordique.jpg?resize=350%2C200&ssl=1","width":350,"height":200},"classes":[]},{"id":1759,"url":"https:\/\/ydalir.fr\/index.php\/assistance-spirituelle\/","url_meta":{"origin":1701,"position":3},"title":"Assistance spirituelle","author":"Ydalir","date":"15 ao\u00fbt 2025","format":false,"excerpt":"Voyance, divination, accompagnement spirituel ou coaching de vie. Ici vous trouverez les r\u00e9ponses \u00e0 vos questionnements existentiels. Voyant runiste : l\u2019oracle par les runes R\u00e9v\u00e9lation des eaux troubles La Voie des Anciens : un coach de vie, accompagnateur de votre destin\u00e9e","rel":"","context":"Article similaire","block_context":{"text":"Article similaire","link":""},"img":{"alt_text":"","src":"https:\/\/i0.wp.com\/ydalir.fr\/wp-content\/uploads\/2025\/07\/image-1.png?resize=350%2C200&ssl=1","width":350,"height":200,"srcset":"https:\/\/i0.wp.com\/ydalir.fr\/wp-content\/uploads\/2025\/07\/image-1.png?resize=350%2C200&ssl=1 1x, https:\/\/i0.wp.com\/ydalir.fr\/wp-content\/uploads\/2025\/07\/image-1.png?resize=525%2C300&ssl=1 1.5x, https:\/\/i0.wp.com\/ydalir.fr\/wp-content\/uploads\/2025\/07\/image-1.png?resize=700%2C400&ssl=1 2x"},"classes":[]},{"id":1161,"url":"https:\/\/ydalir.fr\/index.php\/exploration\/","url_meta":{"origin":1701,"position":4},"title":"Articles","author":"Ydalir","date":"25 f\u00e9vrier 2022","format":false,"excerpt":"Si vous souhaitez en savoir plus sur mon activit\u00e9, les sujets li\u00e9s \u00e0 l'\u00e9sot\u00e9risme nordique, les pratiques chamaniques ou tout autre sujet connexe. Si vous voulez ouvrir vos horizons et explorer une r\u00e9alit\u00e9 qui d\u00e9passe et transcende notre entendement, cette section est faite pour vous.","rel":"","context":"Article similaire","block_context":{"text":"Article similaire","link":""},"img":{"alt_text":"","src":"","width":0,"height":0},"classes":[]},{"id":1129,"url":"https:\/\/ydalir.fr\/index.php\/intervention-sur-les-animaux\/","url_meta":{"origin":1701,"position":5},"title":"Intervention sur les animaux","author":"Ydalir","date":"3 mars 2022","format":false,"excerpt":"Avis aux propri\u00e9taires d'animaux domestiques et \u00e9leveurs ! Je prodigue \u00e9galement des soins aux animaux. De la m\u00eame mani\u00e8re que pour les humains, les soins \u00e9nerg\u00e9tiques permettent de lisser les corps \u00e9nerg\u00e9tiques, d\u00e9faire les n\u0153uds et autres blocages \u00e9nerg\u00e9tiques, permettre une meilleure circulation des \u00e9nergies. J'utilise aussi bien le magn\u00e9tisme\u2026","rel":"","context":"Article similaire","block_context":{"text":"Article similaire","link":""},"img":{"alt_text":"brown cow pasturing on pasture in winter","src":"https:\/\/i0.wp.com\/ydalir.fr\/wp-content\/uploads\/2022\/03\/pexels-photo-6152105.jpeg?resize=350%2C200&ssl=1","width":350,"height":200,"srcset":"https:\/\/i0.wp.com\/ydalir.fr\/wp-content\/uploads\/2022\/03\/pexels-photo-6152105.jpeg?resize=350%2C200&ssl=1 1x, https:\/\/i0.wp.com\/ydalir.fr\/wp-content\/uploads\/2022\/03\/pexels-photo-6152105.jpeg?resize=525%2C300&ssl=1 1.5x, https:\/\/i0.wp.com\/ydalir.fr\/wp-content\/uploads\/2022\/03\/pexels-photo-6152105.jpeg?resize=700%2C400&ssl=1 2x"},"classes":[]}],"jetpack_sharing_enabled":true,"jetpack_likes_enabled":true,"_links":{"self":[{"href":"https:\/\/ydalir.fr\/index.php\/wp-json\/wp\/v2\/pages\/1701","targetHints":{"allow":["GET"]}}],"collection":[{"href":"https:\/\/ydalir.fr\/index.php\/wp-json\/wp\/v2\/pages"}],"about":[{"href":"https:\/\/ydalir.fr\/index.php\/wp-json\/wp\/v2\/types\/page"}],"author":[{"embeddable":true,"href":"https:\/\/ydalir.fr\/index.php\/wp-json\/wp\/v2\/users\/1"}],"replies":[{"embeddable":true,"href":"https:\/\/ydalir.fr\/index.php\/wp-json\/wp\/v2\/comments?post=1701"}],"version-history":[{"count":34,"href":"https:\/\/ydalir.fr\/index.php\/wp-json\/wp\/v2\/pages\/1701\/revisions"}],"predecessor-version":[{"id":1879,"href":"https:\/\/ydalir.fr\/index.php\/wp-json\/wp\/v2\/pages\/1701\/revisions\/1879"}],"wp:attachment":[{"href":"https:\/\/ydalir.fr\/index.php\/wp-json\/wp\/v2\/media?parent=1701"}],"curies":[{"name":"wp","href":"https:\/\/api.w.org\/{rel}","templated":true}]}}