{"id":1091,"date":"2022-02-10T21:00:19","date_gmt":"2022-02-10T20:00:19","guid":{"rendered":"https:\/\/ydalir.fr\/?page_id=1091"},"modified":"2022-09-01T16:23:38","modified_gmt":"2022-09-01T14:23:38","slug":"les-runes","status":"publish","type":"page","link":"https:\/\/ydalir.fr\/index.php\/les-runes\/","title":{"rendered":"Les runes"},"content":{"rendered":"\n<figure class=\"wp-block-image alignright size-large is-resized is-style-rounded\"><img data-recalc-dims=\"1\" loading=\"lazy\" decoding=\"async\" src=\"https:\/\/i0.wp.com\/ydalir.fr\/wp-content\/uploads\/2021\/02\/Runes-mysterieuses.jpg?resize=396%2C297&#038;ssl=1\" alt=\"Runes\" class=\"wp-image-615\" width=\"396\" height=\"297\" srcset=\"https:\/\/i0.wp.com\/ydalir.fr\/wp-content\/uploads\/2021\/02\/Runes-mysterieuses.jpg?resize=1024%2C768&amp;ssl=1 1024w, https:\/\/i0.wp.com\/ydalir.fr\/wp-content\/uploads\/2021\/02\/Runes-mysterieuses.jpg?resize=300%2C225&amp;ssl=1 300w, https:\/\/i0.wp.com\/ydalir.fr\/wp-content\/uploads\/2021\/02\/Runes-mysterieuses.jpg?resize=768%2C576&amp;ssl=1 768w, https:\/\/i0.wp.com\/ydalir.fr\/wp-content\/uploads\/2021\/02\/Runes-mysterieuses.jpg?resize=1536%2C1152&amp;ssl=1 1536w, https:\/\/i0.wp.com\/ydalir.fr\/wp-content\/uploads\/2021\/02\/Runes-mysterieuses.jpg?resize=1568%2C1176&amp;ssl=1 1568w, https:\/\/i0.wp.com\/ydalir.fr\/wp-content\/uploads\/2021\/02\/Runes-mysterieuses.jpg?w=1920&amp;ssl=1 1920w, https:\/\/i0.wp.com\/ydalir.fr\/wp-content\/uploads\/2021\/02\/Runes-mysterieuses.jpg?w=1800&amp;ssl=1 1800w\" sizes=\"auto, (max-width: 396px) 100vw, 396px\" \/><\/figure>\n\n\n\n<p class=\"has-medium-font-size\">Les runes sont des symboles tr\u00e8s puissants, qu&rsquo;il convient de ne pas invoquer \u00e0 la l\u00e9g\u00e8re.  Elles sont des arch\u00e9types de forces primaires agissantes et conscientes. Connues \u00e0 travers la culture nordique, elles auraient \u00e9t\u00e9 d\u00e9couvertes, forg\u00e9es puis transmises depuis des mill\u00e9naires par les chamanes dans la culture proto-germanique puis germanique. Il est m\u00eame probable que leur usage se soit d\u00e9velopp\u00e9 au contact d&rsquo;autres cultures chamaniques du cercle polaire, tels que les saami ou les lapons avec lesquels les scandinaves ont eu de nombreux contacts.<\/p>\n\n\n\n<h2 class=\"wp-block-heading\" id=\"que-sont-les-runes\">Que sont les runes ?<\/h2>\n\n\n\n<p class=\"has-small-font-size\">Plus que de simples symboles, ce sont de v\u00e9ritables \u00e9nergies conscientes. Energies primordiales, les runes ont une conscience et une autonomie. Elles sont l&rsquo;\u00e9cho de forces structurantes de l&rsquo;univers que l&rsquo;on peut ainsi invoquer et canaliser pour divers objectifs. Leur puissance r\u00e9side \u00e9galement dans l&rsquo;onde de forme qu&rsquo;elles d\u00e9gagent. Cette forme est en r\u00e9alit\u00e9 une synth\u00e8se id\u00e9alis\u00e9e, un arch\u00e9type de ces \u00e9nergies. Tracer une rune peut \u00eatre, certes, int\u00e9ressant, mais pas sans danger si on n&rsquo;y prend pas garde. Dans la tradition nordique, les runes sont associ\u00e9es \u00e0 diff\u00e9rentes divinit\u00e9s.<\/p>\n\n\n\n<h2 class=\"wp-block-heading\" id=\"pourquoi-les-utiliser-dans-le-soin\">Pourquoi les utiliser dans le soin ?<\/h2>\n\n\n\n<p class=\"has-small-font-size\">Je m&rsquo;aide de plus en plus des runes dans ma pratique des <a href=\"https:\/\/ydalir.fr\/index.php\/soins-energetiques\/\">soins \u00e9nerg\u00e9tiques<\/a> et du <a href=\"https:\/\/ydalir.fr\/index.php\/le-magnetisme-2\/\">magn\u00e9tisme<\/a>. La raison premi\u00e8re est que je ressens un lien, une sorte de connivence avec ces \u00e9nergies. Ensuite, l&rsquo;exp\u00e9rience m&rsquo;a montr\u00e9 la force et la pr\u00e9cision qu&rsquo;ont les runes lorsque je les utilise pour effectuer un soin sp\u00e9cifique. Je suis convaincu que la rencontre avec les runes n&rsquo;est pas due au hasard. Mais plut\u00f4t qu&rsquo;il s&rsquo;agit d&rsquo;une rencontre : je suis venu \u00e0 elles de la m\u00eame mani\u00e8re qu&rsquo;elles sont venues \u00e0 moi. La pratique runique est encore peu d\u00e9velopp\u00e9 dans nos contr\u00e9es. C&rsquo;est une voie de gu\u00e9rison int\u00e9ressante, efficace et puissante que je souhaite mettre \u00e0 disposition de ceux qui viennent me consulter.<\/p>\n\n\n\n<h2 class=\"wp-block-heading\" id=\"comment-les-runes-sont-elles-placees\">Comment les runes sont-elles plac\u00e9es ?<\/h2>\n\n\n\n<p class=\"has-small-font-size\">Je peux les utiliser de diff\u00e9rente mani\u00e8re : <\/p>\n\n\n\n<ul class=\"has-small-font-size wp-block-list\"><li>Soit par visualisation au cours d&rsquo;un soin. Dans ce cas l\u00e0, je les invoque et les place sur la personne \u00e0 l&rsquo;endroit idoine au niveau \u00e9nerg\u00e9tique.<\/li><li>Soit je trace la rune sur un objet ou sur la personne directement.<\/li><li>Soit encore, je cr\u00e9\u00e9 un talisman pour la personne. Dans ce cas pr\u00e9cis, je grave la rune sur un morceau de bois.<\/li><\/ul>\n\n\n\n<p class=\"has-small-font-size\">La recours \u00e0 une m\u00e9thode plut\u00f4t qu&rsquo;une autre va d\u00e9pendre de la s\u00e9v\u00e9rit\u00e9 de la probl\u00e9matique trait\u00e9e, mais aussi de mon ressenti et \/ ou de la demande du consultant. <\/p>\n\n\n\n<figure class=\"wp-block-image aligncenter size-full is-resized is-style-rounded\"><img data-recalc-dims=\"1\" loading=\"lazy\" decoding=\"async\" src=\"https:\/\/i0.wp.com\/ydalir.fr\/wp-content\/uploads\/2022\/02\/pexels-photo-10110445.jpeg?resize=590%2C394&#038;ssl=1\" alt=\"Runes myst\u00e9rieuses grav\u00e9es sur des rondelles de bois et pos\u00e9es sur un tapis de feuilles de la for\u00eat.\" class=\"wp-image-1148\" width=\"590\" height=\"394\" srcset=\"https:\/\/i0.wp.com\/ydalir.fr\/wp-content\/uploads\/2022\/02\/pexels-photo-10110445.jpeg?w=1880&amp;ssl=1 1880w, https:\/\/i0.wp.com\/ydalir.fr\/wp-content\/uploads\/2022\/02\/pexels-photo-10110445.jpeg?resize=300%2C200&amp;ssl=1 300w, https:\/\/i0.wp.com\/ydalir.fr\/wp-content\/uploads\/2022\/02\/pexels-photo-10110445.jpeg?resize=1024%2C682&amp;ssl=1 1024w, https:\/\/i0.wp.com\/ydalir.fr\/wp-content\/uploads\/2022\/02\/pexels-photo-10110445.jpeg?resize=768%2C512&amp;ssl=1 768w, https:\/\/i0.wp.com\/ydalir.fr\/wp-content\/uploads\/2022\/02\/pexels-photo-10110445.jpeg?resize=1536%2C1024&amp;ssl=1 1536w, https:\/\/i0.wp.com\/ydalir.fr\/wp-content\/uploads\/2022\/02\/pexels-photo-10110445.jpeg?resize=1800%2C1200&amp;ssl=1 1800w\" sizes=\"auto, (max-width: 590px) 100vw, 590px\" \/><\/figure>\n","protected":false},"excerpt":{"rendered":"<p>Les runes sont des symboles tr\u00e8s puissants, qu&rsquo;il convient de ne pas invoquer \u00e0 la l\u00e9g\u00e8re. Elles sont des arch\u00e9types de forces primaires agissantes et [&#8230;]<\/p>\n","protected":false},"author":1,"featured_media":0,"parent":0,"menu_order":0,"comment_status":"closed","ping_status":"closed","template":"","meta":{"footnotes":""},"class_list":["post-1091","page","type-page","status-publish","hentry"],"yoast_head":"<!-- This site is optimized with the Yoast SEO plugin v26.5 - https:\/\/yoast.com\/wordpress\/plugins\/seo\/ -->\n<title>Les runes - Ydalir<\/title>\n<meta name=\"description\" content=\"Issues de la tradition chamanique nordique, les runes sont des symboles puissants et efficaces qui peuvent \u00eatre utilis\u00e9es en soin.\" \/>\n<meta name=\"robots\" content=\"index, follow, max-snippet:-1, max-image-preview:large, max-video-preview:-1\" \/>\n<link rel=\"canonical\" href=\"https:\/\/ydalir.fr\/index.php\/les-runes\/\" \/>\n<meta property=\"og:locale\" content=\"fr_FR\" \/>\n<meta property=\"og:type\" content=\"article\" \/>\n<meta property=\"og:title\" content=\"Les runes - Ydalir\" \/>\n<meta property=\"og:description\" content=\"Issues de la tradition chamanique nordique, les runes sont des symboles puissants et efficaces qui peuvent \u00eatre utilis\u00e9es en soin.\" \/>\n<meta property=\"og:url\" content=\"https:\/\/ydalir.fr\/index.php\/les-runes\/\" \/>\n<meta property=\"og:site_name\" content=\"Ydalir\" \/>\n<meta property=\"article:modified_time\" content=\"2022-09-01T14:23:38+00:00\" \/>\n<meta property=\"og:image\" content=\"https:\/\/ydalir.fr\/wp-content\/uploads\/2021\/02\/Runes-mysterieuses-1024x768.jpg\" \/>\n<meta name=\"twitter:card\" content=\"summary_large_image\" \/>\n<meta name=\"twitter:label1\" content=\"Dur\u00e9e de lecture estim\u00e9e\" \/>\n\t<meta name=\"twitter:data1\" content=\"3 minutes\" \/>\n<script type=\"application\/ld+json\" class=\"yoast-schema-graph\">{\"@context\":\"https:\/\/schema.org\",\"@graph\":[{\"@type\":\"WebPage\",\"@id\":\"https:\/\/ydalir.fr\/index.php\/les-runes\/\",\"url\":\"https:\/\/ydalir.fr\/index.php\/les-runes\/\",\"name\":\"Les runes - Ydalir\",\"isPartOf\":{\"@id\":\"https:\/\/ydalir.fr\/#website\"},\"primaryImageOfPage\":{\"@id\":\"https:\/\/ydalir.fr\/index.php\/les-runes\/#primaryimage\"},\"image\":{\"@id\":\"https:\/\/ydalir.fr\/index.php\/les-runes\/#primaryimage\"},\"thumbnailUrl\":\"https:\/\/ydalir.fr\/wp-content\/uploads\/2021\/02\/Runes-mysterieuses-1024x768.jpg\",\"datePublished\":\"2022-02-10T20:00:19+00:00\",\"dateModified\":\"2022-09-01T14:23:38+00:00\",\"description\":\"Issues de la tradition chamanique nordique, les runes sont des symboles puissants et efficaces qui peuvent \u00eatre utilis\u00e9es en soin.\",\"breadcrumb\":{\"@id\":\"https:\/\/ydalir.fr\/index.php\/les-runes\/#breadcrumb\"},\"inLanguage\":\"fr-FR\",\"potentialAction\":[{\"@type\":\"ReadAction\",\"target\":[\"https:\/\/ydalir.fr\/index.php\/les-runes\/\"]}]},{\"@type\":\"ImageObject\",\"inLanguage\":\"fr-FR\",\"@id\":\"https:\/\/ydalir.fr\/index.php\/les-runes\/#primaryimage\",\"url\":\"https:\/\/i0.wp.com\/ydalir.fr\/wp-content\/uploads\/2021\/02\/Runes-mysterieuses.jpg?fit=1920%2C1440&ssl=1\",\"contentUrl\":\"https:\/\/i0.wp.com\/ydalir.fr\/wp-content\/uploads\/2021\/02\/Runes-mysterieuses.jpg?fit=1920%2C1440&ssl=1\",\"width\":1920,\"height\":1440,\"caption\":\"Runes\"},{\"@type\":\"BreadcrumbList\",\"@id\":\"https:\/\/ydalir.fr\/index.php\/les-runes\/#breadcrumb\",\"itemListElement\":[{\"@type\":\"ListItem\",\"position\":1,\"name\":\"Accueil\",\"item\":\"https:\/\/ydalir.fr\/\"},{\"@type\":\"ListItem\",\"position\":2,\"name\":\"Les runes\"}]},{\"@type\":\"WebSite\",\"@id\":\"https:\/\/ydalir.fr\/#website\",\"url\":\"https:\/\/ydalir.fr\/\",\"name\":\"Ydalir\",\"description\":\"Chamane Viking\",\"publisher\":{\"@id\":\"https:\/\/ydalir.fr\/#organization\"},\"potentialAction\":[{\"@type\":\"SearchAction\",\"target\":{\"@type\":\"EntryPoint\",\"urlTemplate\":\"https:\/\/ydalir.fr\/?s={search_term_string}\"},\"query-input\":{\"@type\":\"PropertyValueSpecification\",\"valueRequired\":true,\"valueName\":\"search_term_string\"}}],\"inLanguage\":\"fr-FR\"},{\"@type\":\"Organization\",\"@id\":\"https:\/\/ydalir.fr\/#organization\",\"name\":\"Ydalir\",\"url\":\"https:\/\/ydalir.fr\/\",\"logo\":{\"@type\":\"ImageObject\",\"inLanguage\":\"fr-FR\",\"@id\":\"https:\/\/ydalir.fr\/#\/schema\/logo\/image\/\",\"url\":\"https:\/\/i0.wp.com\/ydalir.fr\/wp-content\/uploads\/2020\/05\/cropped-Vegvisir-HD_site.jpg?fit=120%2C120&ssl=1\",\"contentUrl\":\"https:\/\/i0.wp.com\/ydalir.fr\/wp-content\/uploads\/2020\/05\/cropped-Vegvisir-HD_site.jpg?fit=120%2C120&ssl=1\",\"width\":120,\"height\":120,\"caption\":\"Ydalir\"},\"image\":{\"@id\":\"https:\/\/ydalir.fr\/#\/schema\/logo\/image\/\"}}]}<\/script>\n<!-- \/ Yoast SEO plugin. -->","yoast_head_json":{"title":"Les runes - Ydalir","description":"Issues de la tradition chamanique nordique, les runes sont des symboles puissants et efficaces qui peuvent \u00eatre utilis\u00e9es en soin.","robots":{"index":"index","follow":"follow","max-snippet":"max-snippet:-1","max-image-preview":"max-image-preview:large","max-video-preview":"max-video-preview:-1"},"canonical":"https:\/\/ydalir.fr\/index.php\/les-runes\/","og_locale":"fr_FR","og_type":"article","og_title":"Les runes - Ydalir","og_description":"Issues de la tradition chamanique nordique, les runes sont des symboles puissants et efficaces qui peuvent \u00eatre utilis\u00e9es en soin.","og_url":"https:\/\/ydalir.fr\/index.php\/les-runes\/","og_site_name":"Ydalir","article_modified_time":"2022-09-01T14:23:38+00:00","og_image":[{"url":"https:\/\/ydalir.fr\/wp-content\/uploads\/2021\/02\/Runes-mysterieuses-1024x768.jpg","type":"","width":"","height":""}],"twitter_card":"summary_large_image","twitter_misc":{"Dur\u00e9e de lecture estim\u00e9e":"3 minutes"},"schema":{"@context":"https:\/\/schema.org","@graph":[{"@type":"WebPage","@id":"https:\/\/ydalir.fr\/index.php\/les-runes\/","url":"https:\/\/ydalir.fr\/index.php\/les-runes\/","name":"Les runes - Ydalir","isPartOf":{"@id":"https:\/\/ydalir.fr\/#website"},"primaryImageOfPage":{"@id":"https:\/\/ydalir.fr\/index.php\/les-runes\/#primaryimage"},"image":{"@id":"https:\/\/ydalir.fr\/index.php\/les-runes\/#primaryimage"},"thumbnailUrl":"https:\/\/ydalir.fr\/wp-content\/uploads\/2021\/02\/Runes-mysterieuses-1024x768.jpg","datePublished":"2022-02-10T20:00:19+00:00","dateModified":"2022-09-01T14:23:38+00:00","description":"Issues de la tradition chamanique nordique, les runes sont des symboles puissants et efficaces qui peuvent \u00eatre utilis\u00e9es en soin.","breadcrumb":{"@id":"https:\/\/ydalir.fr\/index.php\/les-runes\/#breadcrumb"},"inLanguage":"fr-FR","potentialAction":[{"@type":"ReadAction","target":["https:\/\/ydalir.fr\/index.php\/les-runes\/"]}]},{"@type":"ImageObject","inLanguage":"fr-FR","@id":"https:\/\/ydalir.fr\/index.php\/les-runes\/#primaryimage","url":"https:\/\/i0.wp.com\/ydalir.fr\/wp-content\/uploads\/2021\/02\/Runes-mysterieuses.jpg?fit=1920%2C1440&ssl=1","contentUrl":"https:\/\/i0.wp.com\/ydalir.fr\/wp-content\/uploads\/2021\/02\/Runes-mysterieuses.jpg?fit=1920%2C1440&ssl=1","width":1920,"height":1440,"caption":"Runes"},{"@type":"BreadcrumbList","@id":"https:\/\/ydalir.fr\/index.php\/les-runes\/#breadcrumb","itemListElement":[{"@type":"ListItem","position":1,"name":"Accueil","item":"https:\/\/ydalir.fr\/"},{"@type":"ListItem","position":2,"name":"Les runes"}]},{"@type":"WebSite","@id":"https:\/\/ydalir.fr\/#website","url":"https:\/\/ydalir.fr\/","name":"Ydalir","description":"Chamane Viking","publisher":{"@id":"https:\/\/ydalir.fr\/#organization"},"potentialAction":[{"@type":"SearchAction","target":{"@type":"EntryPoint","urlTemplate":"https:\/\/ydalir.fr\/?s={search_term_string}"},"query-input":{"@type":"PropertyValueSpecification","valueRequired":true,"valueName":"search_term_string"}}],"inLanguage":"fr-FR"},{"@type":"Organization","@id":"https:\/\/ydalir.fr\/#organization","name":"Ydalir","url":"https:\/\/ydalir.fr\/","logo":{"@type":"ImageObject","inLanguage":"fr-FR","@id":"https:\/\/ydalir.fr\/#\/schema\/logo\/image\/","url":"https:\/\/i0.wp.com\/ydalir.fr\/wp-content\/uploads\/2020\/05\/cropped-Vegvisir-HD_site.jpg?fit=120%2C120&ssl=1","contentUrl":"https:\/\/i0.wp.com\/ydalir.fr\/wp-content\/uploads\/2020\/05\/cropped-Vegvisir-HD_site.jpg?fit=120%2C120&ssl=1","width":120,"height":120,"caption":"Ydalir"},"image":{"@id":"https:\/\/ydalir.fr\/#\/schema\/logo\/image\/"}}]}},"jetpack-related-posts":[{"id":419,"url":"https:\/\/ydalir.fr\/","url_meta":{"origin":1091,"position":0},"title":"Chamane, magn\u00e9tiseur et runiste : soins \u00e9nerg\u00e9tiques, runes, voyance, rituels et magie","author":"Ydalir","date":"17 juillet 2016","format":false,"excerpt":"Chamane et magn\u00e9tiseur, je suis \u00e0 votre service pour vous soulager et vous soutenir sur les flots tumultueux de la vie. Je pratique le soin par magn\u00e9tisme depuis l'\u00e2ge de 17 ans. J'utilise les runes conjointement \u00e0 une pratique instinctive et intuitive. Mon approche est donc guid\u00e9e par une sensibilit\u00e9\u2026","rel":"","context":"Article similaire","block_context":{"text":"Article similaire","link":""},"img":{"alt_text":"Chamane op\u00e9rant un rituel","src":"https:\/\/i0.wp.com\/ydalir.fr\/wp-content\/uploads\/2021\/07\/Chamane-nordique.jpg?resize=350%2C200&ssl=1","width":350,"height":200},"classes":[]},{"id":6,"url":"https:\/\/ydalir.fr\/index.php\/qui-suis-je\/","url_meta":{"origin":1091,"position":1},"title":"Qui suis-je ?","author":"Ydalir","date":"8 juillet 2016","format":false,"excerpt":"Qui est l'homme derri\u00e8re le clavier ? Je suis un homme dans la trentaine, menant une vie banale. Je ne suis donc ni sp\u00e9cial ni extraordinaire. Je ne suis pas un ma\u00eetre, ni un gourou. Juste quelqu'un de bienveillant envers son prochain qui essaye d'am\u00e9liorer, comme il le peut, le\u2026","rel":"","context":"Article similaire","block_context":{"text":"Article similaire","link":""},"img":{"alt_text":"Corbeaux","src":"https:\/\/i0.wp.com\/ydalir.fr\/wp-content\/uploads\/2021\/07\/Corbeaux.jpg?resize=350%2C200&ssl=1","width":350,"height":200,"srcset":"https:\/\/i0.wp.com\/ydalir.fr\/wp-content\/uploads\/2021\/07\/Corbeaux.jpg?resize=350%2C200&ssl=1 1x, https:\/\/i0.wp.com\/ydalir.fr\/wp-content\/uploads\/2021\/07\/Corbeaux.jpg?resize=525%2C300&ssl=1 1.5x, https:\/\/i0.wp.com\/ydalir.fr\/wp-content\/uploads\/2021\/07\/Corbeaux.jpg?resize=700%2C400&ssl=1 2x"},"classes":[]},{"id":1701,"url":"https:\/\/ydalir.fr\/index.php\/le-voyant-runiste-loracle-par-les-runes\/","url_meta":{"origin":1091,"position":2},"title":"Voyant runiste : l&rsquo;oracle par les runes","author":"Ydalir","date":"15 ao\u00fbt 2025","format":false,"excerpt":"L'augure, et en particulier le tirage des rune, est un art mill\u00e9naire courant parmi les Germains antiques. Ces peuples, nos anc\u00eatres directs en Europe, disposaient d'une tradition magique riche et puissante. M\u00e9lang\u00e9e aux pratiques d'Orient et chr\u00e9tiennes, elle est \u00e0 l'origine de tout un pan de la magie occidentale m\u00e9di\u00e9vale.\u2026","rel":"","context":"Article similaire","block_context":{"text":"Article similaire","link":""},"img":{"alt_text":"","src":"https:\/\/i0.wp.com\/ydalir.fr\/wp-content\/uploads\/2025\/08\/Les-trois-nornes-de-la-mythologie-nordique.jpg?resize=350%2C200&ssl=1","width":350,"height":200,"srcset":"https:\/\/i0.wp.com\/ydalir.fr\/wp-content\/uploads\/2025\/08\/Les-trois-nornes-de-la-mythologie-nordique.jpg?resize=350%2C200&ssl=1 1x, https:\/\/i0.wp.com\/ydalir.fr\/wp-content\/uploads\/2025\/08\/Les-trois-nornes-de-la-mythologie-nordique.jpg?resize=525%2C300&ssl=1 1.5x, https:\/\/i0.wp.com\/ydalir.fr\/wp-content\/uploads\/2025\/08\/Les-trois-nornes-de-la-mythologie-nordique.jpg?resize=700%2C400&ssl=1 2x"},"classes":[]},{"id":412,"url":"https:\/\/ydalir.fr\/index.php\/contact-chamane-magnetiseur-en-correze\/","url_meta":{"origin":1091,"position":3},"title":"Prise de contact","author":"Ydalir","date":"17 juillet 2016","format":false,"excerpt":"Vous souhaitez prendre rendez-vous ? Contactez Ydalir, chamane viking et magn\u00e9tiseur en Corr\u00e8ze 07.56.92.24.19 contact@ydalir.fr Ou formulaire ci-dessous","rel":"","context":"Article similaire","block_context":{"text":"Article similaire","link":""},"img":{"alt_text":"","src":"https:\/\/i0.wp.com\/ydalir.fr\/wp-content\/uploads\/2021\/02\/paysagenordique.jpg?resize=350%2C200&ssl=1","width":350,"height":200},"classes":[]},{"id":1161,"url":"https:\/\/ydalir.fr\/index.php\/exploration\/","url_meta":{"origin":1091,"position":4},"title":"Articles","author":"Ydalir","date":"25 f\u00e9vrier 2022","format":false,"excerpt":"Si vous souhaitez en savoir plus sur mon activit\u00e9, les sujets li\u00e9s \u00e0 l'\u00e9sot\u00e9risme nordique, les pratiques chamaniques ou tout autre sujet connexe. Si vous voulez ouvrir vos horizons et explorer une r\u00e9alit\u00e9 qui d\u00e9passe et transcende notre entendement, cette section est faite pour vous.","rel":"","context":"Article similaire","block_context":{"text":"Article similaire","link":""},"img":{"alt_text":"","src":"","width":0,"height":0},"classes":[]},{"id":1662,"url":"https:\/\/ydalir.fr\/index.php\/la-voie-des-anciens\/","url_meta":{"origin":1091,"position":5},"title":"La Voie des Anciens : un coach de vie, accompagnateur de votre destin\u00e9e","author":"Ydalir","date":"15 ao\u00fbt 2025","format":false,"excerpt":"Conform\u00e9ment \u00e0 son r\u00f4le traditionnel, un chamane est aussi un accompagnateur ou un conseiller de vie. De nos jours, il est appel\u00e9 \"coach de vie\". Personnellement, je pr\u00e9f\u00e8re celui d'accompagnateur de vie, dans la mesure o\u00f9 mon domaine de comp\u00e9tence est transverse. Il se situe aussi bien dans la sph\u00e8re\u2026","rel":"","context":"Article similaire","block_context":{"text":"Article similaire","link":""},"img":{"alt_text":"","src":"https:\/\/i0.wp.com\/ydalir.fr\/wp-content\/uploads\/2025\/07\/image.png?resize=350%2C200&ssl=1","width":350,"height":200,"srcset":"https:\/\/i0.wp.com\/ydalir.fr\/wp-content\/uploads\/2025\/07\/image.png?resize=350%2C200&ssl=1 1x, https:\/\/i0.wp.com\/ydalir.fr\/wp-content\/uploads\/2025\/07\/image.png?resize=525%2C300&ssl=1 1.5x, https:\/\/i0.wp.com\/ydalir.fr\/wp-content\/uploads\/2025\/07\/image.png?resize=700%2C400&ssl=1 2x"},"classes":[]}],"jetpack_sharing_enabled":true,"jetpack_likes_enabled":true,"_links":{"self":[{"href":"https:\/\/ydalir.fr\/index.php\/wp-json\/wp\/v2\/pages\/1091","targetHints":{"allow":["GET"]}}],"collection":[{"href":"https:\/\/ydalir.fr\/index.php\/wp-json\/wp\/v2\/pages"}],"about":[{"href":"https:\/\/ydalir.fr\/index.php\/wp-json\/wp\/v2\/types\/page"}],"author":[{"embeddable":true,"href":"https:\/\/ydalir.fr\/index.php\/wp-json\/wp\/v2\/users\/1"}],"replies":[{"embeddable":true,"href":"https:\/\/ydalir.fr\/index.php\/wp-json\/wp\/v2\/comments?post=1091"}],"version-history":[{"count":22,"href":"https:\/\/ydalir.fr\/index.php\/wp-json\/wp\/v2\/pages\/1091\/revisions"}],"predecessor-version":[{"id":1375,"href":"https:\/\/ydalir.fr\/index.php\/wp-json\/wp\/v2\/pages\/1091\/revisions\/1375"}],"wp:attachment":[{"href":"https:\/\/ydalir.fr\/index.php\/wp-json\/wp\/v2\/media?parent=1091"}],"curies":[{"name":"wp","href":"https:\/\/api.w.org\/{rel}","templated":true}]}}