{"id":1089,"date":"2022-05-26T14:12:09","date_gmt":"2022-05-26T12:12:09","guid":{"rendered":"https:\/\/ydalir.fr\/?page_id=1089"},"modified":"2022-09-03T16:03:38","modified_gmt":"2022-09-03T14:03:38","slug":"les-rituels-expliques","status":"publish","type":"page","link":"https:\/\/ydalir.fr\/index.php\/les-rituels-expliques\/","title":{"rendered":"Les rituels expliqu\u00e9s"},"content":{"rendered":"\n<figure class=\"wp-block-image alignleft size-large is-resized is-style-rounded\"><img data-recalc-dims=\"1\" loading=\"lazy\" decoding=\"async\" src=\"https:\/\/i0.wp.com\/ydalir.fr\/wp-content\/uploads\/2022\/02\/pexels-photo-4031381.jpeg?resize=183%2C256&#038;ssl=1\" alt=\"Volutes de fum\u00e9e d'encens rituel\" class=\"wp-image-1107\" width=\"183\" height=\"256\" srcset=\"https:\/\/i0.wp.com\/ydalir.fr\/wp-content\/uploads\/2022\/02\/pexels-photo-4031381.jpeg?resize=731%2C1024&amp;ssl=1 731w, https:\/\/i0.wp.com\/ydalir.fr\/wp-content\/uploads\/2022\/02\/pexels-photo-4031381.jpeg?resize=214%2C300&amp;ssl=1 214w, https:\/\/i0.wp.com\/ydalir.fr\/wp-content\/uploads\/2022\/02\/pexels-photo-4031381.jpeg?resize=768%2C1076&amp;ssl=1 768w, https:\/\/i0.wp.com\/ydalir.fr\/wp-content\/uploads\/2022\/02\/pexels-photo-4031381.jpeg?w=928&amp;ssl=1 928w\" sizes=\"auto, (max-width: 183px) 100vw, 183px\" \/><\/figure>\n\n\n\n<p class=\"has-medium-font-size\">\u00c0 travers les cultures et les \u00e2ges, les soci\u00e9t\u00e9s humaines ont toujours int\u00e9gr\u00e9s des rituels sous une forme ou une autre. Ils sont l\u00e0 pour nous aider, nous guider ou nous faire passer une \u00e9tape de vie. Le rituel dispose de cette force qui peut faire bouger les lignes, d\u00e9bloquer des situations et remettre en mouvement des \u00eatres ou des \u00e9v\u00e9nements.<\/p>\n\n\n\n<h2 class=\"wp-block-heading\">Un rituel, pourquoi faire ?<\/h2>\n\n\n\n<p class=\"has-small-font-size\">De nos jours, notre soci\u00e9t\u00e9 occidentale standardis\u00e9e a perdu de son sens, a \u00e9t\u00e9 vid\u00e9e de sa vitalit\u00e9. Il subsiste toujours des ersatz de rituels, des reliquats que l&rsquo;on retrouve dans les manifestations et comm\u00e9morations politiques par exemple. Je trouve cela bien dommage, car de mon point de vue, ces pratiques avaient une importance capitale sur la psych\u00e9 humaine et dans nos rapports avec les consciences divines.<\/p>\n\n\n\n<figure class=\"wp-block-image alignright size-full is-resized is-style-rounded\"><img data-recalc-dims=\"1\" loading=\"lazy\" decoding=\"async\" src=\"https:\/\/i0.wp.com\/ydalir.fr\/wp-content\/uploads\/2021\/02\/pnw_tree_on_rockWebPrepared.jpg?resize=375%2C215&#038;ssl=1\" alt=\"L'absence de rituel et le manque de lien spirituel peut amener \u00e0 un sentiment de vide, voire d'abandon.\" class=\"wp-image-658\" width=\"375\" height=\"215\" srcset=\"https:\/\/i0.wp.com\/ydalir.fr\/wp-content\/uploads\/2021\/02\/pnw_tree_on_rockWebPrepared.jpg?w=500&amp;ssl=1 500w, https:\/\/i0.wp.com\/ydalir.fr\/wp-content\/uploads\/2021\/02\/pnw_tree_on_rockWebPrepared.jpg?resize=300%2C172&amp;ssl=1 300w\" sizes=\"auto, (max-width: 375px) 100vw, 375px\" \/><\/figure>\n\n\n\n<p class=\"has-small-font-size\">Cela se traduit chez de nombreuses personnes par une perte de sens, de rep\u00e8res et un sentiment confus de manque, voire d&rsquo;abandon. Les rituels avaient une fonction de soin psychologique et \u00e9nerg\u00e9tique. Ils permettaient de rythmer les vies et servaient de marqueur pour des \u00e9v\u00e9nements individuels et collectifs importants. Les rituels permettaient \u00e9galement \u00e0 une communaut\u00e9 de faire corps, de relier les individus entre eux. De la m\u00eame mani\u00e8re, ils reliaient les individus \u00e0 ce que nous appellerons des Puissances. J&rsquo;entends par ce dernier terme l&rsquo;ensemble des entit\u00e9s et \u00e9nergies conscientes qui habitent le monde subtil d&rsquo;o\u00f9 nous provenons tous. En cela, renouveler des rituels sont d&rsquo;une grande aide pour garder le cap sur les oc\u00e9ans houleux que sont nos vies.<\/p>\n\n\n\n<h2 class=\"wp-block-heading\">Comment fonctionne un rituel ?<\/h2>\n\n\n\n<figure class=\"wp-block-image alignleft size-full is-resized is-style-rounded\"><img data-recalc-dims=\"1\" loading=\"lazy\" decoding=\"async\" src=\"https:\/\/i0.wp.com\/ydalir.fr\/wp-content\/uploads\/2021\/02\/18653392e13c7c37.jpg?resize=249%2C166&#038;ssl=1\" alt=\"\" class=\"wp-image-633\" width=\"249\" height=\"166\" srcset=\"https:\/\/i0.wp.com\/ydalir.fr\/wp-content\/uploads\/2021\/02\/18653392e13c7c37.jpg?w=995&amp;ssl=1 995w, https:\/\/i0.wp.com\/ydalir.fr\/wp-content\/uploads\/2021\/02\/18653392e13c7c37.jpg?resize=300%2C200&amp;ssl=1 300w, https:\/\/i0.wp.com\/ydalir.fr\/wp-content\/uploads\/2021\/02\/18653392e13c7c37.jpg?resize=768%2C512&amp;ssl=1 768w\" sizes=\"auto, (max-width: 249px) 100vw, 249px\" \/><\/figure>\n\n\n\n<p class=\"has-small-font-size\">L&rsquo;\u00eatre humain est sensible aux  actes symboliques : ces derniers parlent directement au subconscient, lequel n&rsquo;a pas le m\u00eame langage que le mental. Le subconscient se nourrit de symboles et d&rsquo;abstractions. L&rsquo;homme est un \u00eatre \u00e0 la psych\u00e9 particuli\u00e8rement complexe et multipolaire. Les rituels ont donc pour r\u00f4le de parler au subconscient par des actions symboliques. <\/p>\n\n\n\n<p class=\"has-small-font-size\">Cette voie de communication directe avec notre \u00eatre profond permet un ancrage et une connexion aux \u00e9nergies spirituelles plus forts. Etant directement reli\u00e9 avec un Grand Divin, une conscience transcendante ou une entit\u00e9 sup\u00e9rieure particuli\u00e8re, le travail effectu\u00e9 se fait encore plus en profondeur. A la mani\u00e8re d&rsquo;une cascade, le rituel va permettre un plus gros afflux d&rsquo;\u00e9nergies qui vont pouvoir travailler \u00e0 la gu\u00e9rison, au d\u00e9blocage ou \u00e0 l&rsquo;accomplissement d&rsquo;un individu et \/ ou d&rsquo;une situation.<\/p>\n\n\n\n<p class=\"has-small-font-size\">Le rituel est donc particuli\u00e8rement utile pour mener \u00e0 bien le d\u00e9blocage de certaines situations. Il existe plusieurs types de rituels dont je fais la pr\u00e9sentation sur la page d\u00e9di\u00e9e si cela vous int\u00e9resse.<\/p>\n","protected":false},"excerpt":{"rendered":"<p>\u00c0 travers les cultures et les \u00e2ges, les soci\u00e9t\u00e9s humaines ont toujours int\u00e9gr\u00e9s des rituels sous une forme ou une autre. Ils sont l\u00e0 pour [&#8230;]<\/p>\n","protected":false},"author":1,"featured_media":0,"parent":0,"menu_order":0,"comment_status":"closed","ping_status":"closed","template":"","meta":{"footnotes":""},"class_list":["post-1089","page","type-page","status-publish","hentry"],"yoast_head":"<!-- This site is optimized with the Yoast SEO plugin v26.5 - https:\/\/yoast.com\/wordpress\/plugins\/seo\/ -->\n<title>Les rituels expliqu\u00e9s - Ydalir<\/title>\n<meta name=\"robots\" content=\"index, follow, max-snippet:-1, max-image-preview:large, max-video-preview:-1\" \/>\n<link rel=\"canonical\" href=\"https:\/\/ydalir.fr\/index.php\/les-rituels-expliques\/\" \/>\n<meta property=\"og:locale\" content=\"fr_FR\" \/>\n<meta property=\"og:type\" content=\"article\" \/>\n<meta property=\"og:title\" content=\"Les rituels expliqu\u00e9s - Ydalir\" \/>\n<meta property=\"og:description\" content=\"\u00c0 travers les cultures et les \u00e2ges, les soci\u00e9t\u00e9s humaines ont toujours int\u00e9gr\u00e9s des rituels sous une forme ou une autre. Ils sont l\u00e0 pour [...]\" \/>\n<meta property=\"og:url\" content=\"https:\/\/ydalir.fr\/index.php\/les-rituels-expliques\/\" \/>\n<meta property=\"og:site_name\" content=\"Ydalir\" \/>\n<meta property=\"article:modified_time\" content=\"2022-09-03T14:03:38+00:00\" \/>\n<meta property=\"og:image\" content=\"https:\/\/ydalir.fr\/wp-content\/uploads\/2022\/02\/pexels-photo-4031381-731x1024.jpeg\" \/>\n<meta name=\"twitter:card\" content=\"summary_large_image\" \/>\n<meta name=\"twitter:label1\" content=\"Dur\u00e9e de lecture estim\u00e9e\" \/>\n\t<meta name=\"twitter:data1\" content=\"3 minutes\" \/>\n<script type=\"application\/ld+json\" class=\"yoast-schema-graph\">{\"@context\":\"https:\/\/schema.org\",\"@graph\":[{\"@type\":\"WebPage\",\"@id\":\"https:\/\/ydalir.fr\/index.php\/les-rituels-expliques\/\",\"url\":\"https:\/\/ydalir.fr\/index.php\/les-rituels-expliques\/\",\"name\":\"Les rituels expliqu\u00e9s - Ydalir\",\"isPartOf\":{\"@id\":\"https:\/\/ydalir.fr\/#website\"},\"primaryImageOfPage\":{\"@id\":\"https:\/\/ydalir.fr\/index.php\/les-rituels-expliques\/#primaryimage\"},\"image\":{\"@id\":\"https:\/\/ydalir.fr\/index.php\/les-rituels-expliques\/#primaryimage\"},\"thumbnailUrl\":\"https:\/\/ydalir.fr\/wp-content\/uploads\/2022\/02\/pexels-photo-4031381-731x1024.jpeg\",\"datePublished\":\"2022-05-26T12:12:09+00:00\",\"dateModified\":\"2022-09-03T14:03:38+00:00\",\"breadcrumb\":{\"@id\":\"https:\/\/ydalir.fr\/index.php\/les-rituels-expliques\/#breadcrumb\"},\"inLanguage\":\"fr-FR\",\"potentialAction\":[{\"@type\":\"ReadAction\",\"target\":[\"https:\/\/ydalir.fr\/index.php\/les-rituels-expliques\/\"]}]},{\"@type\":\"ImageObject\",\"inLanguage\":\"fr-FR\",\"@id\":\"https:\/\/ydalir.fr\/index.php\/les-rituels-expliques\/#primaryimage\",\"url\":\"https:\/\/ydalir.fr\/wp-content\/uploads\/2022\/02\/pexels-photo-4031381-731x1024.jpeg\",\"contentUrl\":\"https:\/\/ydalir.fr\/wp-content\/uploads\/2022\/02\/pexels-photo-4031381-731x1024.jpeg\"},{\"@type\":\"BreadcrumbList\",\"@id\":\"https:\/\/ydalir.fr\/index.php\/les-rituels-expliques\/#breadcrumb\",\"itemListElement\":[{\"@type\":\"ListItem\",\"position\":1,\"name\":\"Accueil\",\"item\":\"https:\/\/ydalir.fr\/\"},{\"@type\":\"ListItem\",\"position\":2,\"name\":\"Les rituels expliqu\u00e9s\"}]},{\"@type\":\"WebSite\",\"@id\":\"https:\/\/ydalir.fr\/#website\",\"url\":\"https:\/\/ydalir.fr\/\",\"name\":\"Ydalir\",\"description\":\"Chamane Viking\",\"publisher\":{\"@id\":\"https:\/\/ydalir.fr\/#organization\"},\"potentialAction\":[{\"@type\":\"SearchAction\",\"target\":{\"@type\":\"EntryPoint\",\"urlTemplate\":\"https:\/\/ydalir.fr\/?s={search_term_string}\"},\"query-input\":{\"@type\":\"PropertyValueSpecification\",\"valueRequired\":true,\"valueName\":\"search_term_string\"}}],\"inLanguage\":\"fr-FR\"},{\"@type\":\"Organization\",\"@id\":\"https:\/\/ydalir.fr\/#organization\",\"name\":\"Ydalir\",\"url\":\"https:\/\/ydalir.fr\/\",\"logo\":{\"@type\":\"ImageObject\",\"inLanguage\":\"fr-FR\",\"@id\":\"https:\/\/ydalir.fr\/#\/schema\/logo\/image\/\",\"url\":\"https:\/\/i0.wp.com\/ydalir.fr\/wp-content\/uploads\/2020\/05\/cropped-Vegvisir-HD_site.jpg?fit=120%2C120&ssl=1\",\"contentUrl\":\"https:\/\/i0.wp.com\/ydalir.fr\/wp-content\/uploads\/2020\/05\/cropped-Vegvisir-HD_site.jpg?fit=120%2C120&ssl=1\",\"width\":120,\"height\":120,\"caption\":\"Ydalir\"},\"image\":{\"@id\":\"https:\/\/ydalir.fr\/#\/schema\/logo\/image\/\"}}]}<\/script>\n<!-- \/ Yoast SEO plugin. -->","yoast_head_json":{"title":"Les rituels expliqu\u00e9s - Ydalir","robots":{"index":"index","follow":"follow","max-snippet":"max-snippet:-1","max-image-preview":"max-image-preview:large","max-video-preview":"max-video-preview:-1"},"canonical":"https:\/\/ydalir.fr\/index.php\/les-rituels-expliques\/","og_locale":"fr_FR","og_type":"article","og_title":"Les rituels expliqu\u00e9s - Ydalir","og_description":"\u00c0 travers les cultures et les \u00e2ges, les soci\u00e9t\u00e9s humaines ont toujours int\u00e9gr\u00e9s des rituels sous une forme ou une autre. Ils sont l\u00e0 pour [...]","og_url":"https:\/\/ydalir.fr\/index.php\/les-rituels-expliques\/","og_site_name":"Ydalir","article_modified_time":"2022-09-03T14:03:38+00:00","og_image":[{"url":"https:\/\/ydalir.fr\/wp-content\/uploads\/2022\/02\/pexels-photo-4031381-731x1024.jpeg","type":"","width":"","height":""}],"twitter_card":"summary_large_image","twitter_misc":{"Dur\u00e9e de lecture estim\u00e9e":"3 minutes"},"schema":{"@context":"https:\/\/schema.org","@graph":[{"@type":"WebPage","@id":"https:\/\/ydalir.fr\/index.php\/les-rituels-expliques\/","url":"https:\/\/ydalir.fr\/index.php\/les-rituels-expliques\/","name":"Les rituels expliqu\u00e9s - Ydalir","isPartOf":{"@id":"https:\/\/ydalir.fr\/#website"},"primaryImageOfPage":{"@id":"https:\/\/ydalir.fr\/index.php\/les-rituels-expliques\/#primaryimage"},"image":{"@id":"https:\/\/ydalir.fr\/index.php\/les-rituels-expliques\/#primaryimage"},"thumbnailUrl":"https:\/\/ydalir.fr\/wp-content\/uploads\/2022\/02\/pexels-photo-4031381-731x1024.jpeg","datePublished":"2022-05-26T12:12:09+00:00","dateModified":"2022-09-03T14:03:38+00:00","breadcrumb":{"@id":"https:\/\/ydalir.fr\/index.php\/les-rituels-expliques\/#breadcrumb"},"inLanguage":"fr-FR","potentialAction":[{"@type":"ReadAction","target":["https:\/\/ydalir.fr\/index.php\/les-rituels-expliques\/"]}]},{"@type":"ImageObject","inLanguage":"fr-FR","@id":"https:\/\/ydalir.fr\/index.php\/les-rituels-expliques\/#primaryimage","url":"https:\/\/ydalir.fr\/wp-content\/uploads\/2022\/02\/pexels-photo-4031381-731x1024.jpeg","contentUrl":"https:\/\/ydalir.fr\/wp-content\/uploads\/2022\/02\/pexels-photo-4031381-731x1024.jpeg"},{"@type":"BreadcrumbList","@id":"https:\/\/ydalir.fr\/index.php\/les-rituels-expliques\/#breadcrumb","itemListElement":[{"@type":"ListItem","position":1,"name":"Accueil","item":"https:\/\/ydalir.fr\/"},{"@type":"ListItem","position":2,"name":"Les rituels expliqu\u00e9s"}]},{"@type":"WebSite","@id":"https:\/\/ydalir.fr\/#website","url":"https:\/\/ydalir.fr\/","name":"Ydalir","description":"Chamane Viking","publisher":{"@id":"https:\/\/ydalir.fr\/#organization"},"potentialAction":[{"@type":"SearchAction","target":{"@type":"EntryPoint","urlTemplate":"https:\/\/ydalir.fr\/?s={search_term_string}"},"query-input":{"@type":"PropertyValueSpecification","valueRequired":true,"valueName":"search_term_string"}}],"inLanguage":"fr-FR"},{"@type":"Organization","@id":"https:\/\/ydalir.fr\/#organization","name":"Ydalir","url":"https:\/\/ydalir.fr\/","logo":{"@type":"ImageObject","inLanguage":"fr-FR","@id":"https:\/\/ydalir.fr\/#\/schema\/logo\/image\/","url":"https:\/\/i0.wp.com\/ydalir.fr\/wp-content\/uploads\/2020\/05\/cropped-Vegvisir-HD_site.jpg?fit=120%2C120&ssl=1","contentUrl":"https:\/\/i0.wp.com\/ydalir.fr\/wp-content\/uploads\/2020\/05\/cropped-Vegvisir-HD_site.jpg?fit=120%2C120&ssl=1","width":120,"height":120,"caption":"Ydalir"},"image":{"@id":"https:\/\/ydalir.fr\/#\/schema\/logo\/image\/"}}]}},"jetpack-related-posts":[{"id":1199,"url":"https:\/\/ydalir.fr\/index.php\/rituels\/","url_meta":{"origin":1089,"position":0},"title":"Rituels","author":"Ydalir","date":"26 mai 2022","format":false,"excerpt":"Les rituels sont des actes symboliques et sacr\u00e9s \u00e0 effets variables. Malheureusement rel\u00e9gu\u00e9s \u00e0 de la superstition dans nos soci\u00e9t\u00e9s occidentales, ils sont pourtant d'une grande efficacit\u00e9 pour atteindre de nombreux objectifs d'am\u00e9lioration de soi et de mieux \u00eatre. Des rituels, pour quoi faire ? Outre leurs effets \u00e9nerg\u00e9tiques majeurs,\u2026","rel":"","context":"Article similaire","block_context":{"text":"Article similaire","link":""},"img":{"alt_text":"Entit\u00e9 exorcis\u00e9e, bannie du corps","src":"https:\/\/i0.wp.com\/ydalir.fr\/wp-content\/uploads\/2022\/05\/pexels-photo-2449605.jpg?resize=350%2C200&ssl=1","width":350,"height":200,"srcset":"https:\/\/i0.wp.com\/ydalir.fr\/wp-content\/uploads\/2022\/05\/pexels-photo-2449605.jpg?resize=350%2C200&ssl=1 1x, https:\/\/i0.wp.com\/ydalir.fr\/wp-content\/uploads\/2022\/05\/pexels-photo-2449605.jpg?resize=525%2C300&ssl=1 1.5x, https:\/\/i0.wp.com\/ydalir.fr\/wp-content\/uploads\/2022\/05\/pexels-photo-2449605.jpg?resize=700%2C400&ssl=1 2x"},"classes":[]},{"id":1585,"url":"https:\/\/ydalir.fr\/index.php\/tarifs\/","url_meta":{"origin":1089,"position":1},"title":"Tarifs","author":"Ydalir","date":"9 juin 2023","format":false,"excerpt":"Il s'agit \u00e0 la fois de respecter une r\u00e8gle d'\u00e9change r\u00e9ciproque et de participer au d\u00e9veloppement de mon activit\u00e9. Cela permet de me rendre plus disponible et d'aider plus de monde, de permettre la reconnaissance de mon travail et de respecter la loi de la r\u00e9ciprocit\u00e9 qui sous-tend la m\u00e9canique\u2026","rel":"","context":"Article similaire","block_context":{"text":"Article similaire","link":""},"img":{"alt_text":"Point de rencontre et d'\u00e9change entre le Feu et la Glace","src":"https:\/\/i0.wp.com\/ydalir.fr\/wp-content\/uploads\/2023\/06\/Echanges-feu-et-glace-e1686390180454-edited-2.png?resize=350%2C200&ssl=1","width":350,"height":200,"srcset":"https:\/\/i0.wp.com\/ydalir.fr\/wp-content\/uploads\/2023\/06\/Echanges-feu-et-glace-e1686390180454-edited-2.png?resize=350%2C200&ssl=1 1x, https:\/\/i0.wp.com\/ydalir.fr\/wp-content\/uploads\/2023\/06\/Echanges-feu-et-glace-e1686390180454-edited-2.png?resize=525%2C300&ssl=1 1.5x, https:\/\/i0.wp.com\/ydalir.fr\/wp-content\/uploads\/2023\/06\/Echanges-feu-et-glace-e1686390180454-edited-2.png?resize=700%2C400&ssl=1 2x, https:\/\/i0.wp.com\/ydalir.fr\/wp-content\/uploads\/2023\/06\/Echanges-feu-et-glace-e1686390180454-edited-2.png?resize=1050%2C600&ssl=1 3x, https:\/\/i0.wp.com\/ydalir.fr\/wp-content\/uploads\/2023\/06\/Echanges-feu-et-glace-e1686390180454-edited-2.png?resize=1400%2C800&ssl=1 4x"},"classes":[]},{"id":733,"url":"https:\/\/ydalir.fr\/index.php\/services-proposes\/","url_meta":{"origin":1089,"position":2},"title":"Services propos\u00e9s","author":"Ydalir","date":"2 juillet 2021","format":false,"excerpt":"Pour vous apporter une solution personnalis\u00e9e adapt\u00e9e \u00e0 vos attentes et vos probl\u00e9matiques, je vous propose les services suivants (cliquez pour en savoir plus) : Les soins \u00e9nerg\u00e9tiques La r\u00e9v\u00e9lation des eaux troubles Lib\u00e9ration des m\u00e9moires ant\u00e9rieures Rituels Bannissement d\u2019entit\u00e9s et exorcisme","rel":"","context":"Article similaire","block_context":{"text":"Article similaire","link":""},"img":{"alt_text":"Bougie d'offrande allum\u00e9e","src":"https:\/\/i0.wp.com\/ydalir.fr\/wp-content\/uploads\/2021\/07\/pexels-photo-2730218.jpeg?resize=350%2C200&ssl=1","width":350,"height":200,"srcset":"https:\/\/i0.wp.com\/ydalir.fr\/wp-content\/uploads\/2021\/07\/pexels-photo-2730218.jpeg?resize=350%2C200&ssl=1 1x, https:\/\/i0.wp.com\/ydalir.fr\/wp-content\/uploads\/2021\/07\/pexels-photo-2730218.jpeg?resize=525%2C300&ssl=1 1.5x, https:\/\/i0.wp.com\/ydalir.fr\/wp-content\/uploads\/2021\/07\/pexels-photo-2730218.jpeg?resize=700%2C400&ssl=1 2x"},"classes":[]},{"id":937,"url":"https:\/\/ydalir.fr\/index.php\/fixation-et-possession-le-parasitage-energetique\/","url_meta":{"origin":1089,"position":3},"title":"Fixation et possession : explication du ph\u00e9nom\u00e8ne de parasitage","author":"Ydalir","date":"4 f\u00e9vrier 2022","format":false,"excerpt":"Un probl\u00e8me r\u00e9curent peut \u00eatre d\u00fb \u00e0 la pr\u00e9sence d'une entit\u00e9 parasite dans le corps d'une personne. On dit que cette personne est habit\u00e9e (par une entit\u00e9 autre que sa propre conscience) ou parasit\u00e9e. Le degr\u00e9 de parasitage peut varier allant de la simple \"fixation\" \u00e0 la possession. Cela peut\u2026","rel":"","context":"Article similaire","block_context":{"text":"Article similaire","link":""},"img":{"alt_text":"silhouette of person standing near a doorway with bright light","src":"https:\/\/i0.wp.com\/ydalir.fr\/wp-content\/uploads\/2022\/02\/pexels-photo-8347499.jpeg?resize=350%2C200&ssl=1","width":350,"height":200,"srcset":"https:\/\/i0.wp.com\/ydalir.fr\/wp-content\/uploads\/2022\/02\/pexels-photo-8347499.jpeg?resize=350%2C200&ssl=1 1x, https:\/\/i0.wp.com\/ydalir.fr\/wp-content\/uploads\/2022\/02\/pexels-photo-8347499.jpeg?resize=525%2C300&ssl=1 1.5x, https:\/\/i0.wp.com\/ydalir.fr\/wp-content\/uploads\/2022\/02\/pexels-photo-8347499.jpeg?resize=700%2C400&ssl=1 2x, https:\/\/i0.wp.com\/ydalir.fr\/wp-content\/uploads\/2022\/02\/pexels-photo-8347499.jpeg?resize=1050%2C600&ssl=1 3x, https:\/\/i0.wp.com\/ydalir.fr\/wp-content\/uploads\/2022\/02\/pexels-photo-8347499.jpeg?resize=1400%2C800&ssl=1 4x"},"classes":[]},{"id":419,"url":"https:\/\/ydalir.fr\/","url_meta":{"origin":1089,"position":4},"title":"Chamane, magn\u00e9tiseur et runiste : soins \u00e9nerg\u00e9tiques, runes, voyance, rituels et magie","author":"Ydalir","date":"17 juillet 2016","format":false,"excerpt":"Chamane et magn\u00e9tiseur, je suis \u00e0 votre service pour vous soulager et vous soutenir sur les flots tumultueux de la vie. Je pratique le soin par magn\u00e9tisme depuis l'\u00e2ge de 17 ans. J'utilise les runes conjointement \u00e0 une pratique instinctive et intuitive. Mon approche est donc guid\u00e9e par une sensibilit\u00e9\u2026","rel":"","context":"Article similaire","block_context":{"text":"Article similaire","link":""},"img":{"alt_text":"Chamane op\u00e9rant un rituel","src":"https:\/\/i0.wp.com\/ydalir.fr\/wp-content\/uploads\/2021\/07\/Chamane-nordique.jpg?resize=350%2C200&ssl=1","width":350,"height":200},"classes":[]},{"id":184,"url":"https:\/\/ydalir.fr\/index.php\/seance-de-magnetisme\/","url_meta":{"origin":1089,"position":5},"title":"S\u00e9ance de magn\u00e9tisme : comment \u00e7a se passe ?","author":"Ydalir","date":"13 juillet 2016","format":false,"excerpt":"Une s\u00e9ance de magn\u00e9tisme peut avoir une dur\u00e9e tr\u00e8s variable en fonction du trouble qui affecte le demandeur de soins. Elle se d\u00e9roule sur trois phases : une premi\u00e8re phase de discussion, une seconde d'intervention \u00e9nerg\u00e9tique et une derni\u00e8re de bilan. La discussion : la clef de votre propre lib\u00e9ration\u2026","rel":"","context":"Article similaire","block_context":{"text":"Article similaire","link":""},"img":{"alt_text":"Loup attentif \u00e9coute","src":"https:\/\/i0.wp.com\/ydalir.fr\/wp-content\/uploads\/2021\/02\/Qui_suis_je_wolf-e1614023171749.jpg?resize=350%2C200&ssl=1","width":350,"height":200,"srcset":"https:\/\/i0.wp.com\/ydalir.fr\/wp-content\/uploads\/2021\/02\/Qui_suis_je_wolf-e1614023171749.jpg?resize=350%2C200&ssl=1 1x, https:\/\/i0.wp.com\/ydalir.fr\/wp-content\/uploads\/2021\/02\/Qui_suis_je_wolf-e1614023171749.jpg?resize=525%2C300&ssl=1 1.5x, https:\/\/i0.wp.com\/ydalir.fr\/wp-content\/uploads\/2021\/02\/Qui_suis_je_wolf-e1614023171749.jpg?resize=700%2C400&ssl=1 2x, https:\/\/i0.wp.com\/ydalir.fr\/wp-content\/uploads\/2021\/02\/Qui_suis_je_wolf-e1614023171749.jpg?resize=1050%2C600&ssl=1 3x, https:\/\/i0.wp.com\/ydalir.fr\/wp-content\/uploads\/2021\/02\/Qui_suis_je_wolf-e1614023171749.jpg?resize=1400%2C800&ssl=1 4x"},"classes":[]}],"jetpack_sharing_enabled":true,"jetpack_likes_enabled":true,"_links":{"self":[{"href":"https:\/\/ydalir.fr\/index.php\/wp-json\/wp\/v2\/pages\/1089","targetHints":{"allow":["GET"]}}],"collection":[{"href":"https:\/\/ydalir.fr\/index.php\/wp-json\/wp\/v2\/pages"}],"about":[{"href":"https:\/\/ydalir.fr\/index.php\/wp-json\/wp\/v2\/types\/page"}],"author":[{"embeddable":true,"href":"https:\/\/ydalir.fr\/index.php\/wp-json\/wp\/v2\/users\/1"}],"replies":[{"embeddable":true,"href":"https:\/\/ydalir.fr\/index.php\/wp-json\/wp\/v2\/comments?post=1089"}],"version-history":[{"count":11,"href":"https:\/\/ydalir.fr\/index.php\/wp-json\/wp\/v2\/pages\/1089\/revisions"}],"predecessor-version":[{"id":1407,"href":"https:\/\/ydalir.fr\/index.php\/wp-json\/wp\/v2\/pages\/1089\/revisions\/1407"}],"wp:attachment":[{"href":"https:\/\/ydalir.fr\/index.php\/wp-json\/wp\/v2\/media?parent=1089"}],"curies":[{"name":"wp","href":"https:\/\/api.w.org\/{rel}","templated":true}]}}